{"id":5121,"date":"2023-11-30T13:15:40","date_gmt":"2023-11-30T13:15:40","guid":{"rendered":"https:\/\/www.carlafailela.it\/allergene\/"},"modified":"2025-10-08T07:03:30","modified_gmt":"2025-10-08T07:03:30","slug":"allergene","status":"publish","type":"page","link":"https:\/\/www.carlafailela.it\/de\/allergene\/","title":{"rendered":"Allergene"},"content":{"rendered":"\t\t<div data-elementor-type=\"wp-page\" data-elementor-id=\"5121\" class=\"elementor elementor-5121 elementor-2592\" data-elementor-post-type=\"page\">\n\t\t\t\t<div class=\"elementor-element elementor-element-3b05f98 e-flex e-con-boxed e-con e-parent\" data-id=\"3b05f98\" data-element_type=\"container\" data-e-type=\"container\" data-settings=\"{&quot;background_background&quot;:&quot;classic&quot;,&quot;jet_parallax_layout_list&quot;:[]}\">\n\t\t\t\t\t<div class=\"e-con-inner\">\n\t\t\t\t<div class=\"elementor-element elementor-element-6b90d29 elementor-widget elementor-widget-heading\" data-id=\"6b90d29\" data-element_type=\"widget\" data-e-type=\"widget\" data-widget_type=\"heading.default\">\n\t\t\t\t<div class=\"elementor-widget-container\">\n\t\t\t\t\t<h2 class=\"elementor-heading-title elementor-size-default\">ALLERGEN<\/h2>\t\t\t\t<\/div>\n\t\t\t\t<\/div>\n\t\t\t\t\t<\/div>\n\t\t\t\t<\/div>\n\t\t<div class=\"elementor-element elementor-element-f1a779b e-flex e-con-boxed e-con e-parent\" data-id=\"f1a779b\" data-element_type=\"container\" data-e-type=\"container\" data-settings=\"{&quot;jet_parallax_layout_list&quot;:[]}\">\n\t\t\t\t\t<div class=\"e-con-inner\">\n\t\t\t\t<div class=\"elementor-element elementor-element-ac71da4 elementor-widget elementor-widget-text-editor\" data-id=\"ac71da4\" data-element_type=\"widget\" data-e-type=\"widget\" data-widget_type=\"text-editor.default\">\n\t\t\t\t<div class=\"elementor-widget-container\">\n\t\t\t\t\t\t\t\t\t<h3><strong>Bitte beachten Sie, dass die in diesem Restaurant zubereiteten und servierten Speisen und Getr\u00e4nke Zutaten oder Hilfsstoffe enthalten k\u00f6nnen, die als Allergene gelten.<\/strong><\/h3><p>Liste der Stoffe oder Erzeugnisse, die Allergien oder Unvertr\u00e4glichkeiten hervorrufen und in Anhang II der EU-Verordnung Nr.  1169\/2011<\/p><ol><li>Glutenhaltiges Getreide, d.h. Weizen, Roggen, Gerste, Hafer, Dinkel, Kamut oder davon abgeleitete Sorten und Produkte.<\/li><li>Krustentiere und Krustentierprodukte<\/li><li>Eier und Eiprodukte<\/li><li>Fisch und Fischprodukte<\/li><li>Erdn\u00fcsse und Erdnussprodukte<\/li><li>Soja und Sojaprodukte<\/li><li>Milch und Milchprodukte (einschlie\u00dflich Laktose)<\/li><li>N\u00fcsse, d.h. Mandeln, Haseln\u00fcsse, Waln\u00fcsse, Cashewn\u00fcsse, Pekann\u00fcsse, Paran\u00fcsse, Pistazien, Macadamian\u00fcsse oder Queensland-Waln\u00fcsse und deren Erzeugnisse<\/li><li>Staudensellerie und Staudensellerieprodukte<\/li><li>Senf und Senfprodukte<\/li><li>Sesamsamen und Sesamsamenprodukte<\/li><li>Schwefeldioxid und Sulfite in Konzentrationen \u00fcber 10 mg\/kg<\/li><li>Lupinen und Lupinenprodukte<\/li><li>Mollusken und Molluskenprodukte<\/li><\/ol><p> <\/p><p><span style=\"text-decoration: underline;\">Informationen \u00fcber das Vorhandensein von Stoffen oder Produkten, die Allergien oder Unvertr\u00e4glichkeiten ausl\u00f6sen, sind beim diensthabenden Personal erh\u00e4ltlich, und auf Anfrage wird eine entsprechende Dokumentation zur Verf\u00fcgung gestellt.<\/span><\/p><p><em>Das Management<\/em><\/p>\t\t\t\t\t\t\t\t<\/div>\n\t\t\t\t<\/div>\n\t\t\t\t\t<\/div>\n\t\t\t\t<\/div>\n\t\t\t\t<\/div>\n\t\t","protected":false},"excerpt":{"rendered":"<p>ALLERGEN Bitte beachten Sie, dass die in diesem Restaurant zubereiteten und servierten Speisen und Getr\u00e4nke Zutaten oder Hilfsstoffe enthalten k\u00f6nnen, die als Allergene gelten. Liste der Stoffe oder Erzeugnisse, die Allergien oder Unvertr\u00e4glichkeiten hervorrufen und in Anhang II der EU-Verordnung Nr. 1169\/2011 Glutenhaltiges Getreide, d.h. Weizen, Roggen, Gerste, Hafer, Dinkel, Kamut oder davon abgeleitete Sorten [&hellip;]<\/p>\n","protected":false},"author":1,"featured_media":0,"parent":0,"menu_order":0,"comment_status":"closed","ping_status":"closed","template":"elementor_header_footer","meta":{"footnotes":""},"class_list":["post-5121","page","type-page","status-publish","hentry"],"blocksy_meta":[],"jetpack_sharing_enabled":true,"_links":{"self":[{"href":"https:\/\/www.carlafailela.it\/de\/wp-json\/wp\/v2\/pages\/5121","targetHints":{"allow":["GET"]}}],"collection":[{"href":"https:\/\/www.carlafailela.it\/de\/wp-json\/wp\/v2\/pages"}],"about":[{"href":"https:\/\/www.carlafailela.it\/de\/wp-json\/wp\/v2\/types\/page"}],"author":[{"embeddable":true,"href":"https:\/\/www.carlafailela.it\/de\/wp-json\/wp\/v2\/users\/1"}],"replies":[{"embeddable":true,"href":"https:\/\/www.carlafailela.it\/de\/wp-json\/wp\/v2\/comments?post=5121"}],"version-history":[{"count":1,"href":"https:\/\/www.carlafailela.it\/de\/wp-json\/wp\/v2\/pages\/5121\/revisions"}],"predecessor-version":[{"id":5122,"href":"https:\/\/www.carlafailela.it\/de\/wp-json\/wp\/v2\/pages\/5121\/revisions\/5122"}],"wp:attachment":[{"href":"https:\/\/www.carlafailela.it\/de\/wp-json\/wp\/v2\/media?parent=5121"}],"curies":[{"name":"wp","href":"https:\/\/api.w.org\/{rel}","templated":true}]}}