{"id":5127,"date":"2023-11-28T15:40:59","date_gmt":"2023-11-28T15:40:59","guid":{"rendered":"https:\/\/www.carlafailela.it\/datenschutzbestimmungen\/"},"modified":"2026-03-19T11:06:15","modified_gmt":"2026-03-19T11:06:15","slug":"datenschutzbestimmungen","status":"publish","type":"page","link":"https:\/\/www.carlafailela.it\/de\/datenschutzbestimmungen\/","title":{"rendered":"Datenschutzbestimmungen"},"content":{"rendered":"\t\t<div data-elementor-type=\"wp-page\" data-elementor-id=\"5127\" class=\"elementor elementor-5127 elementor-2299\" data-elementor-post-type=\"page\">\n\t\t\t\t<div class=\"elementor-element elementor-element-442f72c e-flex e-con-boxed e-con e-parent\" data-id=\"442f72c\" data-element_type=\"container\" data-e-type=\"container\" data-settings=\"{&quot;background_background&quot;:&quot;classic&quot;,&quot;jet_parallax_layout_list&quot;:[]}\">\n\t\t\t\t\t<div class=\"e-con-inner\">\n\t\t<div class=\"elementor-element elementor-element-7c5d892 e-con-full e-flex e-con e-child\" data-id=\"7c5d892\" data-element_type=\"container\" data-e-type=\"container\" data-settings=\"{&quot;background_background&quot;:&quot;classic&quot;,&quot;jet_parallax_layout_list&quot;:[]}\">\n\t\t\t\t<div class=\"elementor-element elementor-element-6f83121 elementor-widget elementor-widget-heading\" data-id=\"6f83121\" data-element_type=\"widget\" data-e-type=\"widget\" data-widget_type=\"heading.default\">\n\t\t\t\t<div class=\"elementor-widget-container\">\n\t\t\t\t\t<h1 class=\"elementor-heading-title elementor-size-default\">DATENSCHUTZPOLITIK<\/h1>\t\t\t\t<\/div>\n\t\t\t\t<\/div>\n\t\t\t\t<\/div>\n\t\t\t\t\t<\/div>\n\t\t\t\t<\/div>\n\t\t<div class=\"elementor-element elementor-element-6fe3484 e-flex e-con-boxed e-con e-parent\" data-id=\"6fe3484\" data-element_type=\"container\" data-e-type=\"container\" data-settings=\"{&quot;jet_parallax_layout_list&quot;:[]}\">\n\t\t\t\t\t<div class=\"e-con-inner\">\n\t\t\t\t<div class=\"elementor-element elementor-element-dee884e elementor-widget elementor-widget-text-editor\" data-id=\"dee884e\" data-element_type=\"widget\" data-e-type=\"widget\" data-widget_type=\"text-editor.default\">\n\t\t\t\t<div class=\"elementor-widget-container\">\n\t\t\t\t\t\t\t\t\t<p><strong style=\"font-size: inherit; text-align: inherit; color: var( --e-global-color-blocksy_palette_4 ); font-family: var( --e-global-typography-text-font-family ), Sans-serif; background-color: var(--theme-palette-color-5); font-style: var(--theme-font-style, inherit); letter-spacing: var(--theme-letter-spacing); text-transform: var(--theme-text-transform);\">DATENSCHUTZPOLITIK<\/strong><\/p><p><strong>Informationen zur Datenverarbeitung, Kommunikation und Verbreitung in Anwendung der Europ\u00e4ischen Datenschutzverordnung -Reg. 679\/2016 (GDPR) <\/strong><\/p><p><strong>Diese Website sammelt bestimmte pers\u00f6nliche Daten ihrer Benutzer<\/strong><\/p><p>Wir k\u00fcmmern uns um Ihre Privatsph\u00e4re und verwenden die pers\u00f6nlichen Daten, die Sie uns zur Verf\u00fcgung stellen, nur, um Sie besser bedienen zu k\u00f6nnen und Ihnen die gew\u00fcnschten Informationen zukommen zu lassen.<\/p><p>Wir werden Ihre Daten nicht an Dritte verkaufen oder sie dazu verwenden, Ihnen Spam-Mails zu schicken.<\/p><p>--<\/p><p><strong>Verantwortlicher f\u00fcr die Datenverarbeitung:<\/strong><\/p><p><strong>Carla Failela<\/strong><\/p><p><strong> <\/strong><\/p><p><strong>Via Piazza Alta 26<\/strong><\/p><p><strong>36030 Valli Del Pasubio<\/strong><\/p><p>--<\/p><p><strong>Diese Daten werden gesammelt durch:<\/strong><\/p><ul><li>Kontaktformulare (\u00fcbermittelte pers\u00f6nliche Daten wie: Name, Vorname, E-Mail)<\/li><li>Google analytics, mit anonymen IPs: Nutzungsstatistiken, Verweildauer auf der Website usw.<\/li><li>Google Maps, Youtube und eingebettete Inhalte von anderen Websites: k\u00f6nnen gem\u00e4\u00df den <a href=\"https:\/\/policies.google.com\/privacy?gl=IT&amp;hl=it\" target=\"_blank\" rel=\"noopener\">Datenschutzbestimmungen von Google<\/a> pers\u00f6nliche Daten sammeln, die sich unserer Kontrolle entziehen.<\/li><\/ul><p>--<\/p><p>Gem\u00e4\u00df Artikel 13 und 14 der Verordnung (EU) 2016\/679 (DSGVO), die Bestimmungen zum Schutz nat\u00fcrlicher Personen bei der Verarbeitung personenbezogener Daten enth\u00e4lt, ist der f\u00fcr die Verarbeitung Verantwortliche verpflichtet, den betroffenen Personen bestimmte Informationen \u00fcber die Verwendung ihrer personenbezogenen Daten zu geben.<\/p><p>Im vorliegenden Fall muss die Unterzeichnerin <strong>Carla Failela<\/strong> bei der Aus\u00fcbung ihrer T\u00e4tigkeiten\/Funktionen Informationen und personenbezogene Daten im Zusammenhang mit ihrer Organisation verarbeiten, wobei sie in der Rolle des f\u00fcr die Datenverarbeitung Verantwortlichen im Sinne der DSGVO handelt.<\/p><p>Die von Ihnen zur Verf\u00fcgung gestellten oder im Rahmen Ihrer vertraglichen Beziehung mit uns erworbenen Informationen und pers\u00f6nlichen Daten werden gem\u00e4\u00df den geltenden Gesetzen und den Vertraulichkeitsverpflichtungen, die unsere T\u00e4tigkeit seit jeher bestimmen, verarbeitet.<\/p><p><strong>ZWECK DER VERARBEITUNG<\/strong><\/p><p>Der Zweck der Datenverarbeitung ist die vorvertragliche und vertragliche Verwaltung der Aktivit\u00e4ten, die <strong>Carla Failela<\/strong> im Auftrag des Kunden durchf\u00fchrt. Besonderer Wert wird auf die Zwecke gelegt: <\/p><ol><li>Kommerzielles und vorvertragliches Management, das alle Aktivit\u00e4ten vor dem Vertragsabschluss umfasst;<\/li><li>Verwaltung und Buchhaltung;<\/li><li>Management von Lieferung und Support f\u00fcr die L\u00f6sungen und Produkte, die gem\u00e4\u00df Vertrag und\/oder Bestellung geliefert werden<\/li><li>Kommerzielles und verkaufsf\u00f6rderndes After-Sales-Management von L\u00f6sungen, neuen Produkten, Organisation von Veranstaltungen, entsprechend den vorgeschlagenen Dienstleistungen und L\u00f6sungen.<\/li><\/ol><p>Die Verarbeitung erfolgt \u00fcberwiegend mit Hilfe elektronischer Mittel und kann sich auf Daten und Informationen auf EDV- oder Papiertr\u00e4gern beziehen, die von besonders befugten Personen verarbeitet werden.<\/p><p>Im Allgemeinen werden die Daten zu den oben genannten Zwecken je nach Fall in unserem Unternehmen, in der IT-Infrastruktur des Kunden, in unseren Rechenzentren oder in den Rechenzentren unserer Lieferanten gespeichert und ausschlie\u00dflich an die zust\u00e4ndigen internen oder externen Stellen, wie unten beschrieben, zur Erbringung der f\u00fcr die ordnungsgem\u00e4\u00dfe Verwaltung des Vertragsverh\u00e4ltnisses und der zugrundeliegenden Dienstleistungen erforderlichen Leistungen \u00fcbermittelt, wobei der Schutz der Rechte der betroffenen Person gew\u00e4hrleistet ist. <\/p><p><strong>RECHTM\u00c4SSIGKEIT UND RECHTSGRUNDLAGE DER VERARBEITUNG<\/strong><\/p><p>Die Verarbeitung personenbezogener Daten durch den f\u00fcr die Verarbeitung Verantwortlichen ist durch die folgenden Bedingungen legitimiert (Art. 6 des GDPR):<\/p><ul><li>Die betroffene Person hat in die Verarbeitung ihrer personenbezogenen Daten f\u00fcr einen oder mehrere bestimmte Zwecke eingewilligt.<\/li><li>Die Verarbeitung ist erforderlich f\u00fcr die Erf\u00fcllung eines Vertrags, an dem die betroffene Person beteiligt ist, und f\u00fcr die m\u00f6gliche Durchf\u00fchrung vor- oder nachvertraglicher Ma\u00dfnahmen, die auf Antrag der betroffenen Person erfolgen.<\/li><li>Die Verarbeitung ist erforderlich, um eine gesetzliche Verpflichtung zu erf\u00fcllen, der der f\u00fcr die Verarbeitung Verantwortliche unterliegt (insbesondere f\u00fcr Verwaltungs- und Buchhaltungszwecke).<\/li><\/ul><p><strong>Vertiefung:<\/strong><\/p><p><strong>Cookie-Richtlinie<\/strong><\/p><p>Diese Website verwendet - meist anonyme - Cookies, um ihre Leistung zu verbessern. Sie werden aufgefordert, diese Cookies zu akzeptieren, wenn Sie die Website zum ersten Mal betreten. Die Zustimmung zur Verwendung von Cookies gilt f\u00fcr 12 Monate und kann jederzeit widerrufen werden.  <\/p><p>Um mehr \u00fcber die verwendeten Cookies zu erfahren <a href=\"https:\/\/www.carlafailela.it\/politica-sui-cookie\/\">, klicken Sie hier<\/a><\/p><p><strong>Google Analytics - anonymisierte IP<\/strong><\/p><p>Diese Website sammelt mit Hilfe von Google Analytrics und den dazugeh\u00f6rigen Cookies allgemeine Daten \u00fcber das Verhalten der Nutzer, wobei die IP-Adressen anonymisiert werden und keine Nutzeridentifikationsnummer zugewiesen wird.<\/p><p>So k\u00f6nnen wir die Qualit\u00e4t unseres Services verbessern, ohne Ihre pers\u00f6nlichen Daten zu erfassen.<\/p><p>Da diese Daten von Google erfasst werden, werden sie auch in Webspaces au\u00dferhalb der Europ\u00e4ischen Union gehostet, wobei Google in diesem Zusammenhang als Datenverarbeiter fungiert.<\/p><p><strong>Eingebettete Inhalte von anderen Websites<\/strong><\/p><p>Die Artikel auf dieser Website k\u00f6nnen eingebettete Inhalte (z. B. Videos, Bilder, Artikel usw.) enthalten. Eingebettete Inhalte von anderen Websites verhalten sich genau so, als ob der Besucher die andere Website besucht h\u00e4tte. <\/p><p>Diese Art von Dienst erm\u00f6glicht es, Inhalte, die auf externen Plattformen gehostet werden, direkt auf den Seiten dieser Anwendung anzuzeigen und mit ihnen zu interagieren. Diese Art von Dienst kann dennoch Daten \u00fcber den Webverkehr auf den Seiten sammeln, auf denen der Dienst installiert ist, auch wenn die Benutzer ihn nicht nutzen. <\/p><p>Diese Websites k\u00f6nnen Daten \u00fcber Sie sammeln, Cookies verwenden, zus\u00e4tzliche Trackingfunktionen von Drittanbietern integrieren und Ihre Interaktion mit diesen eingebetteten Inhalten \u00fcberwachen, einschlie\u00dflich der Verfolgung Ihrer Interaktion mit den eingebetteten Inhalten, wenn Sie ein Konto haben und auf dieser Website angemeldet sind.<\/p><p><strong>Wie lange wir Ihre Daten aufbewahren<\/strong><\/p><p>Die Daten werden nur f\u00fcr den Zeitraum aufbewahrt, der f\u00fcr die Zwecke, f\u00fcr die sie verarbeitet werden, erforderlich ist, oder innerhalb der Fristen, die durch nationale und EU-Gesetze, Vorschriften und Regelungen vorgeschrieben sind, die die Organisation einhalten muss (z. B. Buchhaltungs- und Steuervorschriften usw.).<\/p><p>J\u00e4hrlich ist eine regelm\u00e4\u00dfige \u00dcberpr\u00fcfung der verarbeiteten Daten und der M\u00f6glichkeit ihrer L\u00f6schung vorzunehmen, wenn sie f\u00fcr die vorgesehenen Zwecke nicht mehr ben\u00f6tigt werden.<\/p><p>Wenn Sie einen Kommentar hinterlassen, werden der Kommentar und seine Metadaten auf unbestimmte Zeit gespeichert. Auf diese Weise k\u00f6nnen wir alle nachfolgenden Kommentare automatisch erkennen und genehmigen, anstatt sie in einer Moderationswarteschlange zu halten. <\/p><p>F\u00fcr Benutzer, die sich auf unserer Website registrieren (falls vorhanden), speichern wir auch die pers\u00f6nlichen Daten, die sie in ihrem Benutzerprofil angeben. Alle Benutzer k\u00f6nnen ihre pers\u00f6nlichen Daten jederzeit einsehen, bearbeiten oder l\u00f6schen (mit Ausnahme ihres Benutzernamens, den sie nicht \u00e4ndern k\u00f6nnen). Website-Administratoren k\u00f6nnen diese Informationen ebenfalls einsehen und bearbeiten.  <\/p><p><strong>Welche Rechte haben Sie in Bezug auf Ihre Daten?<\/strong><\/p><p>Wenn Sie ein Konto auf dieser Website haben oder Kommentare hinterlassen haben, k\u00f6nnen Sie beantragen, eine exportierte Datei von der Website mit den pers\u00f6nlichen Daten zu erhalten, die wir \u00fcber Sie haben, einschlie\u00dflich der Daten, die Sie uns zur Verf\u00fcgung gestellt haben. Sie k\u00f6nnen auch verlangen, dass wir alle personenbezogenen Daten \u00fcber Sie l\u00f6schen. Dies gilt nicht f\u00fcr Daten, die wir aus administrativen, rechtlichen oder Sicherheitsgr\u00fcnden aufbewahren m\u00fcssen.  <\/p><p><strong>Wo wir Ihre Daten hosten<\/strong><\/p><p>Au\u00dferhalb von Google Analytics werden Ihre Daten auf unseren Servern aufbewahrt, aktuell und sicher gehalten.<\/p><p>E-Mails, die \u00fcber das Kontaktformular gesendet werden, werden von Personen empfangen, die f\u00fcr die Verarbeitung solcher pers\u00f6nlichen Daten geschult sind und auf sicheren Computern arbeiten.<\/p><p>Ihre Analysedaten und die Daten von Dritten werden auf den Servern dieser Dritten au\u00dferhalb der Europ\u00e4ischen Union gesammelt und gehostet und sicher in \u00dcbereinstimmung mit den geltenden Vorschriften verwaltet.<\/p><p><strong>Medien:<\/strong><\/p><p>Wenn Sie Bilder auf die Website hochladen, sollten Sie es vermeiden, Bilder hochzuladen, die eingebettete Standortdaten (EXIF-GPS) enthalten. Besucher der Website k\u00f6nnen alle Standortdaten von den Bildern auf der Website herunterladen und extrahieren. <\/p><p><strong>Keks:<\/strong><\/p><p>Wenn Sie einen Kommentar auf unserer Website hinterlassen, k\u00f6nnen Sie festlegen, dass Ihr Name, Ihre E-Mail-Adresse und Ihre Website in Cookies gespeichert werden. Diese werden zu Ihrer Bequemlichkeit verwendet, damit Sie Ihre Daten nicht erneut eingeben m\u00fcssen, wenn Sie einen weiteren Kommentar hinterlassen. Diese Cookies sind ein Jahr lang g\u00fcltig.  <\/p><p>Wenn Sie ein Konto haben und auf diese Website zugreifen, wird ein tempor\u00e4rer Cookie gesetzt, um festzustellen, ob Ihr Browser Cookies akzeptiert. Dieses Cookie enth\u00e4lt keine pers\u00f6nlichen Daten und wird gel\u00f6scht, wenn Sie Ihren Browser schlie\u00dfen. <\/p><p>Wenn Sie sich anmelden, werden mehrere Cookies gesetzt, um Ihre Anmeldeinformationen und Bildschirmoptionen zu speichern. Anmelde-Cookies bleiben zwei Tage lang gespeichert, w\u00e4hrend Cookies f\u00fcr Bildschirmoptionen ein Jahr lang gespeichert werden. Wenn Sie \"Angemeldet bleiben\" w\u00e4hlen, bleibt Ihre Anmeldung zwei Wochen lang erhalten. Wenn Sie sich von Ihrem Konto abmelden, werden die Login-Cookies entfernt. Wenn Sie einen Artikel bearbeiten oder ver\u00f6ffentlichen, wird ein zus\u00e4tzliches Cookie in Ihrem Browser gespeichert. Dieses Cookie enth\u00e4lt keine pers\u00f6nlichen Daten, sondern zeigt lediglich die ID des Artikels an, den Sie gerade bearbeitet haben. Er verf\u00e4llt nach 1 Tag.      <\/p><p><strong>Wie wir Ihre Daten sch\u00fctzen<\/strong><\/p><p>Diese Website sch\u00fctzt Ihre Daten durch eine SSL-Verschl\u00fcsselung (die auch beim Senden von E-Mails \u00fcber Kontaktformulare verwendet wird).<\/p><p>Die Website selbst wird regelm\u00e4\u00dfig aktualisiert und ist durch Systeme zur Abwehr von Cyberangriffen gesch\u00fctzt. Die Personen, die administrativen Zugang zu dieser Website haben, wurden in Datensicherheit geschult. <\/p><p><strong>Welche Verfahren wir zur Verhinderung von Datenschutzverletzungen haben<\/strong><\/p><p>Unsere internen Programme sind so programmiert, dass sie uns bei der Entdeckung von M\u00e4ngeln oder Verst\u00f6\u00dfen auf der Website alarmieren.<\/p>\t\t\t\t\t\t\t\t<\/div>\n\t\t\t\t<\/div>\n\t\t\t\t\t<\/div>\n\t\t\t\t<\/div>\n\t\t\t\t<\/div>\n\t\t","protected":false},"excerpt":{"rendered":"<p>DATENSCHUTZPOLITIK DATENSCHUTZPOLITIK Informationen zur Datenverarbeitung, Kommunikation und Verbreitung in Anwendung der Europ\u00e4ischen Datenschutzverordnung -Reg. 679\/2016 (GDPR) Diese Website sammelt bestimmte pers\u00f6nliche Daten ihrer Benutzer Wir k\u00fcmmern uns um Ihre Privatsph\u00e4re und verwenden die pers\u00f6nlichen Daten, die Sie uns zur Verf\u00fcgung stellen, nur, um Sie besser bedienen zu k\u00f6nnen und Ihnen die gew\u00fcnschten Informationen zukommen zu [&hellip;]<\/p>\n","protected":false},"author":1,"featured_media":0,"parent":0,"menu_order":0,"comment_status":"closed","ping_status":"closed","template":"elementor_header_footer","meta":{"footnotes":""},"class_list":["post-5127","page","type-page","status-publish","hentry"],"blocksy_meta":[],"jetpack_sharing_enabled":true,"_links":{"self":[{"href":"https:\/\/www.carlafailela.it\/de\/wp-json\/wp\/v2\/pages\/5127","targetHints":{"allow":["GET"]}}],"collection":[{"href":"https:\/\/www.carlafailela.it\/de\/wp-json\/wp\/v2\/pages"}],"about":[{"href":"https:\/\/www.carlafailela.it\/de\/wp-json\/wp\/v2\/types\/page"}],"author":[{"embeddable":true,"href":"https:\/\/www.carlafailela.it\/de\/wp-json\/wp\/v2\/users\/1"}],"replies":[{"embeddable":true,"href":"https:\/\/www.carlafailela.it\/de\/wp-json\/wp\/v2\/comments?post=5127"}],"version-history":[{"count":4,"href":"https:\/\/www.carlafailela.it\/de\/wp-json\/wp\/v2\/pages\/5127\/revisions"}],"predecessor-version":[{"id":7746,"href":"https:\/\/www.carlafailela.it\/de\/wp-json\/wp\/v2\/pages\/5127\/revisions\/7746"}],"wp:attachment":[{"href":"https:\/\/www.carlafailela.it\/de\/wp-json\/wp\/v2\/media?parent=5127"}],"curies":[{"name":"wp","href":"https:\/\/api.w.org\/{rel}","templated":true}]}}