{"id":5288,"date":"2023-12-18T08:52:20","date_gmt":"2023-12-18T08:52:20","guid":{"rendered":"https:\/\/www.carlafailela.it\/cookie-richtlinie\/"},"modified":"2026-03-19T11:09:34","modified_gmt":"2026-03-19T11:09:34","slug":"cookie-richtlinie","status":"publish","type":"page","link":"https:\/\/www.carlafailela.it\/de\/cookie-richtlinie\/","title":{"rendered":"Cookie-Richtlinie"},"content":{"rendered":"\t\t<div data-elementor-type=\"wp-page\" data-elementor-id=\"5288\" class=\"elementor elementor-5288 elementor-3262\" data-elementor-post-type=\"page\">\n\t\t\t\t<div class=\"elementor-element elementor-element-442f72c e-flex e-con-boxed e-con e-parent\" data-id=\"442f72c\" data-element_type=\"container\" data-e-type=\"container\" data-settings=\"{&quot;background_background&quot;:&quot;classic&quot;,&quot;jet_parallax_layout_list&quot;:[]}\">\n\t\t\t\t\t<div class=\"e-con-inner\">\n\t\t<div class=\"elementor-element elementor-element-e096d35 e-con-full e-flex e-con e-child\" data-id=\"e096d35\" data-element_type=\"container\" data-e-type=\"container\" data-settings=\"{&quot;background_background&quot;:&quot;classic&quot;,&quot;jet_parallax_layout_list&quot;:[]}\">\n\t\t\t\t<div class=\"elementor-element elementor-element-6f83121 elementor-widget elementor-widget-heading\" data-id=\"6f83121\" data-element_type=\"widget\" data-e-type=\"widget\" data-widget_type=\"heading.default\">\n\t\t\t\t<div class=\"elementor-widget-container\">\n\t\t\t\t\t<h1 class=\"elementor-heading-title elementor-size-default\">DATENSCHUTZPOLITIK<\/h1>\t\t\t\t<\/div>\n\t\t\t\t<\/div>\n\t\t\t\t<\/div>\n\t\t\t\t\t<\/div>\n\t\t\t\t<\/div>\n\t\t<div class=\"elementor-element elementor-element-6fe3484 e-flex e-con-boxed e-con e-parent\" data-id=\"6fe3484\" data-element_type=\"container\" data-e-type=\"container\" data-settings=\"{&quot;jet_parallax_layout_list&quot;:[]}\">\n\t\t\t\t\t<div class=\"e-con-inner\">\n\t\t\t\t<div class=\"elementor-element elementor-element-dee884e elementor-widget elementor-widget-text-editor\" data-id=\"dee884e\" data-element_type=\"widget\" data-e-type=\"widget\" data-widget_type=\"text-editor.default\">\n\t\t\t\t<div class=\"elementor-widget-container\">\n\t\t\t\t\t\t\t\t\t<h2><strong>VERWENDUNG VON COOKIES<\/strong><\/h2>\nDiese Website verwendet Cookies, um Ihnen ein besseres Nutzererlebnis zu bieten.\n\nBeim Besuch der Website sieht der Benutzer kleine Mengen an Informationen, die in Form von Textdateien, den so genannten \"Cookies\", in den vom Webbrowser des Benutzers verwendeten Verzeichnissen auf den verwendeten Ger\u00e4ten (Computer, Smartphone oder andere) gespeichert werden.\n\nCookies fallen in verschiedene Kategorien und erf\u00fcllen unterschiedliche Funktionen, einige, um die Nutzung der Website effektiver zu gestalten, andere, um bestimmte Funktionen zu erm\u00f6glichen.\n\nIn unserem speziellen Fall erm\u00f6glichen uns die verwendeten Cookies Folgendes:\n<ul>\n \t<li>Speicherung der eingegebenen Einstellungen<\/li>\n \t<li>vermeiden Sie die mehrmalige Eingabe der gleichen Informationen w\u00e4hrend des Besuchs, wie Benutzername, E-Mail und Passwort<\/li>\n \t<li>Analyse der Nutzung der von der Website angebotenen Dienste und Inhalte, um das Surferlebnis und die angebotenen Dienste zu optimieren und zu verbessern<\/li>\n<\/ul>\n<h2><strong>ARTEN VON COOKIES, DIE VON DIESER WEBSITE VERWENDET WERDEN<\/strong><\/h2>\nNachfolgend finden Sie die verschiedenen Arten von Cookies, die von carlafailela.it verwendet werden, nach ihrem Verwendungszweck\n<h3><strong>Technische Cookies<\/strong><\/h3>\nDiese Art von Cookies erm\u00f6glicht es, dass <strong>bestimmte Bereiche der Website ordnungsgem\u00e4\u00df funktionieren<\/strong>. Es gibt zwei Kategorien: dauerhafte Cookies und Sitzungscookies:\n<ul>\n \t<li><strong>persistent<\/strong>: Sobald der Browser geschlossen wird, werden sie nicht zerst\u00f6rt, sondern bleiben bis zu einem Verfallsdatum erhalten<\/li>\n \t<li><strong>Sitzung<\/strong>: Sie werden jedes Mal zerst\u00f6rt, wenn der Browser geschlossen wird.<\/li>\n<\/ul>\nDiese Cookies, die immer von unserer Domain gesendet werden, sind f\u00fcr die korrekte Darstellung der Website und der angebotenen technischen Dienste erforderlich. Sie werden daher immer verwendet und gesendet, es sei denn, der Benutzer \u00e4ndert die Einstellungen seines Browsers (und beeinflusst damit die Anzeige der Seiten der Website).\n\n_icl_current_language - - Sitzungscookie\n\ncookie_notice_accepted - Persistentes Cookie, in dem die Zustimmung zur Verwendung von Cookies gespeichert wird\n<h3><strong>Analytische Cookies<\/strong><\/h3>\nDie Cookies in dieser Kategorie werden verwendet <strong>, um Informationen \u00fcber die Nutzung der Website zu sammeln<\/strong>. Carlafailela.it wird diese Informationen f\u00fcr anonyme statistische Analysen verwenden, um die Nutzung der Website zu verbessern und die Inhalte interessanter und relevanter f\u00fcr die W\u00fcnsche der Nutzer zu gestalten.\n\nDiese Art von Cookies sammelt anonyme Daten \u00fcber die Benutzeraktivit\u00e4ten und dar\u00fcber, wie die Benutzer auf die Website gelangt sind. Analytische Cookies werden von der Website selbst oder von Dom\u00e4nen Dritter gesendet.\n\nDiese Website verwendet Google Analytics\n\n<a href=\"https:\/\/policies.google.com\/privacy?hl=it\" target=\"_blank\" rel=\"noopener\">Google analytics - Datenschutz<\/a>\n\n<a href=\"https:\/\/tools.google.com\/dlpage\/gaoptout\" target=\"_blank\" rel=\"noopener\">Google-Analysen<\/a>\n\nDer Nutzer kann die Aktion von Google Analytics selektiv deaktivieren, indem er die von Google bereitgestellte Opt-Out-Komponente in seinem Browser installiert. Um die Datenerfassung durch Google Analytics zu deaktivieren, klicken Sie bitte auf den obigen Link.\n\n<a href=\"https:\/\/developers.google.com\/analytics\/devguides\/collection\/analyticsjs\/cookie-usage\" target=\"_blank\" rel=\"noopener\">Die von G. analytics auf den Websites verwendeten Cookies<\/a>\n<h3><strong>Analyse-Cookies von Diensten Dritter<\/strong><\/h3>\nDiese Cookies werden verwendet, um Informationen \u00fcber die Nutzung der Website durch die Benutzer in anonymer Form zu sammeln, wie z.B.: besuchte Seiten, verbrachte Zeit, Herkunft des Verkehrs, geografische Herkunft, Alter, Geschlecht und Interessen zum Zweck von Marketingkampagnen. Diese Cookies werden von Drittanbieter-Domains au\u00dferhalb der Website gesendet.\n<h3><strong>Cookies f\u00fcr die Integration von Softwareprodukten und Funktionen Dritter<\/strong><\/h3>\nDiese Art von Cookies integriert Funktionen, die von Dritten innerhalb der Seiten der Website entwickelt wurden, wie z.B. Symbole und Pr\u00e4ferenzen, die in sozialen Netzwerken ge\u00e4u\u00dfert werden, um Inhalte der Website zu teilen, oder f\u00fcr die Nutzung von Softwarediensten von Dritten (wie z.B. Software zur Erstellung von Karten und andere Software, die zus\u00e4tzliche Dienste anbietet). Diese Cookies werden von Dom\u00e4nen Dritter und von Partner-Websites gesendet, die ihre Funktionen zwischen den Seiten der Website anbieten.\n<h3><strong>Profilierungs-Cookies<\/strong><\/h3>\nDabei handelt es sich um die Cookies, die f\u00fcr die Erstellung von Benutzerprofilen erforderlich sind, um Werbebotschaften entsprechend den vom Benutzer auf den Seiten der Website ge\u00e4u\u00dferten Pr\u00e4ferenzen zu versenden.\n\n_______\n\ncarlafailela.it ist nach den geltenden Vorschriften nicht verpflichtet, die Zustimmung f\u00fcr technische und analytische Cookies einzuholen, da diese f\u00fcr die Bereitstellung der angeforderten Dienste erforderlich sind.\n\nF\u00fcr alle anderen Arten von Cookies kann die Zustimmung des Nutzers auf eine oder mehrere der folgenden Arten erfolgen:\n<ul>\n \t<li>durch spezifische Konfigurationen des verwendeten Browsers oder der entsprechenden Computerprogramme, die zum Navigieren auf den Seiten der Website verwendet werden.<\/li>\n \t<li>durch \u00c4nderung der Einstellungen bei der Nutzung von Diensten Dritter<\/li>\n \t<li>Im Konfigurationsbanner Akzeptanz oder Nicht-Akzeptanz von Cookies<\/li>\n<\/ul>\nJede dieser L\u00f6sungen kann den Benutzer daran hindern, Teile der Website zu nutzen oder anzusehen.\n\n_______\n<h3><strong>Websites und Dienste von Drittanbietern<\/strong><\/h3>\nDie Website kann Links zu anderen Websites enthalten, die ihre eigenen Datenschutzrichtlinien haben, die sich von denen dieser Website unterscheiden k\u00f6nnen, und f\u00fcr die wir daher nicht verantwortlich sind.\n<h2><strong>WIE SIE COOKIES \u00dcBER DIE BROWSER-KONFIGURATION DEAKTIVIEREN K\u00d6NNEN:<\/strong><\/h2>\n<em>Chrom<\/em>\n<ul>\n \t<li>Ausf\u00fchren des Chrome Browsers<\/li>\n \t<li>Klicken Sie auf das Men\u00fc in der Symbolleiste des Browsers neben dem Fenster f\u00fcr die Eingabe von URLs zur Navigation<\/li>\n \t<li>Einstellungen w\u00e4hlen<\/li>\n \t<li>Klicken Sie auf Erweiterte Einstellungen anzeigen<\/li>\n \t<li>Klicken Sie im Abschnitt &#8218;Datenschutz&#8216; auf die Schaltfl\u00e4che &#8218;Inhaltseinstellungen&#8216;.<\/li>\n \t<li>Im Abschnitt &#8218;Cookies&#8216; k\u00f6nnen Sie die folgenden Cookie-Einstellungen \u00e4ndern:<\/li>\n<\/ul>\n<ol>\n \t<li>Erlauben Sie das lokale Speichern von Daten<\/li>\n \t<li>Lokale Daten nur \u00e4ndern, bis der Browser geschlossen wird<\/li>\n \t<li>Verhindern, dass Websites Cookies setzen<\/li>\n \t<li>Blockieren von Cookies und Website-Daten Dritter<\/li>\n \t<li>Behandlung von Ausnahmen f\u00fcr bestimmte Websites<\/li>\n \t<li>L\u00f6schen von einem oder allen Cookies<\/li>\n<\/ol>\nF\u00fcr weitere Informationen besuchen Sie die <a href=\"https:\/\/support.google.com\/accounts\/answer\/61416?hl=it\" target=\"_blank\" rel=\"noopener\">entsprechende Seite.<\/a>\n\n<em>Mozilla Firefox<\/em>\n<ul>\n \t<li>Ausf\u00fchren des Mozilla Firefox Browsers<\/li>\n \t<li>Klicken Sie auf das Men\u00fc in der Symbolleiste des Browsers neben dem Fenster f\u00fcr die Eingabe von URLs zur Navigation<\/li>\n \t<li>Optionen ausw\u00e4hlen<\/li>\n \t<li>W\u00e4hlen Sie das Panel Datenschutz<\/li>\n \t<li>Klicken Sie auf Erweiterte Einstellungen anzeigen<\/li>\n \t<li>Klicken Sie im Abschnitt &#8218;Datenschutz&#8216; auf die Schaltfl\u00e4che &#8218;Inhaltseinstellungen&#8216;.<\/li>\n \t<li>Im Bereich &#8218;Tracking&#8216; k\u00f6nnen Sie die folgenden Cookie-Einstellungen \u00e4ndern:<\/li>\n<\/ul>\n<ol>\n \t<li>Verlangen Sie, dass Websites kein Tracking durchf\u00fchren<\/li>\n \t<li>Benachrichtigen Sie Websites \u00fcber Ihre Bereitschaft, verfolgt zu werden<\/li>\n \t<li>\u00dcbermitteln Sie keine Einstellungen zur Datenverfolgung<\/li>\n \t<li>In der Rubrik &#8218;Verlauf&#8216; ist dies m\u00f6glich:<\/li>\n \t<li>Wenn Sie die Option \"Benutzerdefinierte Einstellungen verwenden\" aktivieren, k\u00f6nnen Sie festlegen, ob Cookies von Drittanbietern akzeptiert werden sollen (immer, von den am h\u00e4ufigsten besuchten Websites oder nie) und ob sie f\u00fcr einen bestimmten Zeitraum aufbewahrt werden sollen (bis sie ablaufen, wenn Firefox geschlossen wird, oder ob Sie jedes Mal gefragt werden sollen, wenn<\/li>\n \t<li>L\u00f6schen einzelner gespeicherter Cookies<\/li>\n<\/ol>\nF\u00fcr weitere Informationen besuchen Sie die <a href=\"https:\/\/support.mozilla.org\/it\/kb\/Bloccare%20i%20cookie\" target=\"_blank\" rel=\"noopener\">entsprechende Seite.<\/a>\n\n<em>Internet Explorer\/Edge<\/em>\n<ul>\n \t<li>Ausf\u00fchren des Internet Explorer Browsers<\/li>\n \t<li>Klicken Sie auf die Schaltfl\u00e4che Extras und w\u00e4hlen Sie Internetoptionen<\/li>\n \t<li>Klicken Sie auf die Registerkarte Datenschutz und \u00e4ndern Sie im Bereich Einstellungen den Schieberegler auf die gew\u00fcnschte Cookie-Aktion:<\/li>\n<\/ul>\n<ol>\n \t<li>Alle Cookies blockieren<\/li>\n \t<li>Alle Cookies zulassen<\/li>\n \t<li>Auswahl der Websites, von denen Sie Cookies erhalten m\u00f6chten: Bewegen Sie den Cursor auf eine Zwischenposition, um nicht alle Cookies zu blockieren oder zuzulassen, klicken Sie dann auf Sites, geben Sie im Feld Website-Adresse eine Website ein und klicken Sie dann auf Blockieren oder Zulassen<\/li>\n<\/ol>\nF\u00fcr weitere Informationen besuchen Sie die <a href=\"http:\/\/windows.microsoft.com\/it-it\/windows-vista\/block-or-allow-cookies\" target=\"_blank\" rel=\"noopener\">entsprechende Seite.<\/a>\n\n<em>Safari 6<\/em>\n<ul>\n \t<li>Ausf\u00fchren des Safari-Browsers<\/li>\n \t<li>Klicken Sie auf Safari, w\u00e4hlen Sie Pr\u00e4ferenzen und klicken Sie auf Datenschutz<\/li>\n \t<li>Legen Sie im Abschnitt Cookies blockieren fest, wie Safari Cookies von Internetseiten annehmen soll.<\/li>\n \t<li>Um zu sehen, welche Websites Cookies gespeichert haben, klicken Sie auf Details<\/li>\n<\/ul>\nF\u00fcr weitere Informationen besuchen Sie die <a href=\"https:\/\/support.apple.com\/kb\/PH17191?locale=it_IT&amp;viewlocale=it_IT\" target=\"_blank\" rel=\"noopener\">entsprechende Seite.<\/a>\n\n<em>Safari iOS (mobile Ger\u00e4te)<\/em>\n<ul>\n \t<li>Ausf\u00fchren des iOS Safari Browsers<\/li>\n \t<li>Tippen Sie auf Einstellungen und dann auf Safari<\/li>\n \t<li>Tippen Sie auf Cookies blockieren und w\u00e4hlen Sie aus den Optionen: &#8218;Nie&#8216;, &#8218;Drittanbieter und Werbetreibende&#8216; oder &#8218;Immer&#8216;.<\/li>\n \t<li>Um alle von Safari gespeicherten Cookies zu l\u00f6schen, tippen Sie auf Einstellungen, dann auf Safari und schlie\u00dflich auf Cookies und Daten l\u00f6schen<\/li>\n<\/ul>\nF\u00fcr weitere Informationen besuchen Sie die <a href=\"https:\/\/support.apple.com\/it-it\/HT201265\" target=\"_blank\" rel=\"noopener\">entsprechende Seite.<\/a>\n\n<em>Oper<\/em>\n<ul>\n \t<li>Ausf\u00fchren des Opera Browsers<\/li>\n \t<li>Klicken Sie auf Pr\u00e4ferenzen, dann auf Erweitert und schlie\u00dflich auf Cookies<\/li>\n \t<li>W\u00e4hlen Sie eine der folgenden Optionen:<\/li>\n<\/ul>\n<ol>\n \t<li>Alle Cookies akzeptieren<\/li>\n \t<li>Akzeptieren Sie nur Cookies von der Website, die Sie gerade besuchen: Cookies von Drittanbietern und Cookies, die von einer anderen Domain als der, die Sie gerade besuchen, gesendet werden, werden abgelehnt.<\/li>\n \t<li>Keine Cookies akzeptieren: alle Cookies werden nicht gespeichert<\/li>\n<\/ol>\nF\u00fcr weitere Informationen besuchen Sie die <a href=\"http:\/\/help.opera.com\/Windows\/10.00\/it\/cookies.html\" target=\"_blank\" rel=\"noopener\">entsprechende Seite.<\/a>\n<h2><strong>COOKIE- UND DATENSCHUTZRICHTLINIE F\u00dcR DRITTE<\/strong><\/h2>\n<a href=\"http:\/\/www.google.com\/policies\/technologies\/types\/\" target=\"_blank\" rel=\"noopener\">Verwendete Google-Cookies<\/a>\n\n<a href=\"https:\/\/www.google.it\/intl\/it\/policies\/privacy\/\" target=\"_blank\" rel=\"noopener\">Google Datenschutzbestimmungen<\/a>\n\n<a href=\"https:\/\/twitter.com\/privacy?lang=it\" target=\"_blank\" rel=\"noopener\">Twitter - Datenschutzbestimmungen<\/a>\n\n<a href=\"https:\/\/about.pinterest.com\/it\/privacy-policy\" target=\"_blank\" rel=\"noopener\">Pinterest - Datenschutzrichtlinie<\/a>\n<h2><strong>WIE SIE COOKIES VON DIENSTEN DRITTER DEAKTIVIEREN K\u00d6NNEN<\/strong><\/h2>\n<a href=\"http:\/\/www.youronlinechoices.com\/it\/le-tue-scelte\" target=\"_blank\" rel=\"noopener\">Einrichtung von Zulassungen f\u00fcr Werbeunternehmen<\/a>\n\n<a href=\"https:\/\/www.google.com\/settings\/u\/0\/ads?hl=it&amp;sig=ACi0TCjnCSjNYh3tGkPd_LXSWCrh_tK1fXqjssuLEV4ke7XX6ehPQ39R7v8bz1q2tn1-AkfIBq_QZKORjJk6QtL79xKRzneGs4Y_aSYT8PNgo53zYHkXVq7-VkMGlyaFUmcTKt0UTwJ_cC4S6JyTTJ6SvdbSln3OrGpYGhvPRZXNiv1suqAKDIw\" target=\"_blank\" rel=\"noopener\">Google-Dienste<\/a>\n\n<a href=\"https:\/\/tools.google.com\/dlpage\/gaoptout\" target=\"_blank\" rel=\"noopener\">Google-Analysen<\/a>\n\nDer Nutzer kann die Aktion von Google Analytics selektiv deaktivieren, indem er die von Google bereitgestellte Opt-Out-Komponente in seinem Browser installiert. Um die Datenerfassung durch Google Analytics zu deaktivieren, klicken Sie bitte auf den obigen Link.\n\n<a href=\"https:\/\/www.facebook.com\/help\/cookies?ref_type=sitefooter\" target=\"_blank\" rel=\"noopener\">Facebook<\/a>\n\n<a href=\"https:\/\/support.twitter.com\/articles\/20170519-uso-dei-cookie-e-di-altre-tecnologie-simili-da-parte-di-twitter\" target=\"_blank\" rel=\"noopener\">Twitter<\/a>\n\n<a href=\"https:\/\/help.pinterest.com\/en\/articles\/personalization-and-data\" target=\"_blank\" rel=\"noopener\">Pinterest<\/a>\n\nDiese Seite ist \u00fcber einen Link am unteren Rand aller Seiten der Website gem\u00e4\u00df Artikel 122 zweiter Absatz des Gesetzesdekrets 196\/2003 und nach den vereinfachten Verfahren zur Information und Einholung der Zustimmung zur Verwendung von Cookies, die im Amtsblatt Nr. 126 vom 3. Juni 2014 und in dessen Register der Bestimmungen Nr. 229 vom 8. Mai 2014 ver\u00f6ffentlicht wurden, sichtbar.\t\t\t\t\t\t\t\t<\/div>\n\t\t\t\t<\/div>\n\t\t\t\t\t<\/div>\n\t\t\t\t<\/div>\n\t\t\t\t<\/div>\n\t\t","protected":false},"excerpt":{"rendered":"<p>DATENSCHUTZPOLITIK VERWENDUNG VON COOKIES Diese Website verwendet Cookies, um Ihnen ein besseres Nutzererlebnis zu bieten. Beim Besuch der Website sieht der Benutzer kleine Mengen an Informationen, die in Form von Textdateien, den so genannten \"Cookies\", in den vom Webbrowser des Benutzers verwendeten Verzeichnissen auf den verwendeten Ger\u00e4ten (Computer, Smartphone oder andere) gespeichert werden. Cookies fallen [&hellip;]<\/p>\n","protected":false},"author":1,"featured_media":0,"parent":0,"menu_order":0,"comment_status":"closed","ping_status":"closed","template":"elementor_header_footer","meta":{"footnotes":""},"class_list":["post-5288","page","type-page","status-publish","hentry"],"blocksy_meta":[],"jetpack_sharing_enabled":true,"_links":{"self":[{"href":"https:\/\/www.carlafailela.it\/de\/wp-json\/wp\/v2\/pages\/5288","targetHints":{"allow":["GET"]}}],"collection":[{"href":"https:\/\/www.carlafailela.it\/de\/wp-json\/wp\/v2\/pages"}],"about":[{"href":"https:\/\/www.carlafailela.it\/de\/wp-json\/wp\/v2\/types\/page"}],"author":[{"embeddable":true,"href":"https:\/\/www.carlafailela.it\/de\/wp-json\/wp\/v2\/users\/1"}],"replies":[{"embeddable":true,"href":"https:\/\/www.carlafailela.it\/de\/wp-json\/wp\/v2\/comments?post=5288"}],"version-history":[{"count":7,"href":"https:\/\/www.carlafailela.it\/de\/wp-json\/wp\/v2\/pages\/5288\/revisions"}],"predecessor-version":[{"id":7752,"href":"https:\/\/www.carlafailela.it\/de\/wp-json\/wp\/v2\/pages\/5288\/revisions\/7752"}],"wp:attachment":[{"href":"https:\/\/www.carlafailela.it\/de\/wp-json\/wp\/v2\/media?parent=5288"}],"curies":[{"name":"wp","href":"https:\/\/api.w.org\/{rel}","templated":true}]}}