{"id":6330,"date":"2025-12-23T07:59:24","date_gmt":"2025-12-23T07:59:24","guid":{"rendered":"https:\/\/www.carlafailela.it\/erklaerung-zur-zugaenglichkeit\/"},"modified":"2025-12-23T07:59:55","modified_gmt":"2025-12-23T07:59:55","slug":"erklaerung-zur-zugaenglichkeit-2","status":"publish","type":"page","link":"https:\/\/www.carlafailela.it\/de\/erklaerung-zur-zugaenglichkeit-2\/","title":{"rendered":"Erkl\u00e4rung zur Zug\u00e4nglichkeit"},"content":{"rendered":"\n<h6 class=\"wp-block-heading has-text-align-center\">Erkl\u00e4rung zur Zug\u00e4nglichkeit f\u00fcr www.carlafailela.it\/<\/h6>\n\n<p><strong>Carla Failela<\/strong> verpflichtet sich, die digitale Zug\u00e4nglichkeit f\u00fcr Menschen mit Behinderungen zu gew\u00e4hrleisten. Wir verbessern kontinuierlich die Benutzerfreundlichkeit f\u00fcr alle Personen, die auf die Website zugreifen, und wenden die entsprechenden Zug\u00e4nglichkeitsstandards an. <\/p>\n\n<h6 class=\"wp-block-heading\">Status der Einhaltung<\/h6>\n\n<p>Die eeb Content Accessibility Guidelines (WCAG) definieren Anforderungen f\u00fcr diejenigen, die Websites erstellen und entwickeln, um die Zug\u00e4nglichkeit f\u00fcr Menschen mit Behinderungen zu verbessern. Sie definieren drei Stufen der Konformit\u00e4t: Stufe A, Stufe AA und Stufe AAA. <\/p>\n\n<p><strong>Carla Failela<\/strong> ist st\u00e4ndig bem\u00fcht, die Zug\u00e4nglichkeit ihrer Website und ihrer Dienste zu verbessern, in der \u00dcberzeugung, dass es unsere gemeinsame moralische Verpflichtung ist, eine reibungslose, zug\u00e4ngliche und ungehinderte Nutzung f\u00fcr Menschen mit Behinderungen zu erm\u00f6glichen.<\/p>\n\n<p>Unser Ziel ist es, alle Seiten und Inhalte von <strong>www.carlafailela.it\/<\/strong> zug\u00e4nglich zu machen, aber einige Inhalte entsprechen m\u00f6glicherweise noch nicht vollst\u00e4ndig den h\u00f6chsten Zug\u00e4nglichkeitsstandards. Dies kann auf Schwierigkeiten bei der Suche nach der am besten geeigneten technischen L\u00f6sung zur\u00fcckzuf\u00fchren sein. <\/p>\n\n<p>Wir k\u00f6nnen diese Richtlinie von Zeit zu Zeit \u00fcberarbeiten, um Verbesserungen oder \u00c4nderungen an unseren Zug\u00e4nglichkeitspraktiken zu ber\u00fccksichtigen.<\/p>\n\n<h6 class=\"wp-block-heading\">R\u00fcckmeldung<\/h6>\n\n<p>Wir freuen uns \u00fcber Ihr Feedback zur Zug\u00e4nglichkeit der <strong>Carla Failela<\/strong> Website. Bitte lassen Sie uns wissen, wenn Sie auf unserer Website auf Barrieren sto\u00dfen: <\/p>\n\n<p>E-Mail: <strong>failela1952@gmail.com<\/strong><\/p>\n\n<p>Wir versuchen, innerhalb von 3-5 Werktagen auf Ihr Feedback zu antworten.<\/p>\n\n<p>Diese Erkl\u00e4rung wurde am 23\/12\/2025 erstellt.  <\/p>\n","protected":false},"excerpt":{"rendered":"<p>Erkl\u00e4rung zur Zug\u00e4nglichkeit f\u00fcr www.carlafailela.it\/ Carla Failela verpflichtet sich, die digitale Zug\u00e4nglichkeit f\u00fcr Menschen mit Behinderungen zu gew\u00e4hrleisten. Wir verbessern kontinuierlich die Benutzerfreundlichkeit f\u00fcr alle Personen, die auf die Website zugreifen, und wenden die entsprechenden Zug\u00e4nglichkeitsstandards an. Status der Einhaltung Die eeb Content Accessibility Guidelines (WCAG) definieren Anforderungen f\u00fcr diejenigen, die Websites erstellen und entwickeln, [&hellip;]<\/p>\n","protected":false},"author":1,"featured_media":0,"parent":0,"menu_order":0,"comment_status":"closed","ping_status":"closed","template":"","meta":{"footnotes":""},"class_list":["post-6330","page","type-page","status-publish","hentry"],"blocksy_meta":[],"jetpack_sharing_enabled":true,"_links":{"self":[{"href":"https:\/\/www.carlafailela.it\/de\/wp-json\/wp\/v2\/pages\/6330","targetHints":{"allow":["GET"]}}],"collection":[{"href":"https:\/\/www.carlafailela.it\/de\/wp-json\/wp\/v2\/pages"}],"about":[{"href":"https:\/\/www.carlafailela.it\/de\/wp-json\/wp\/v2\/types\/page"}],"author":[{"embeddable":true,"href":"https:\/\/www.carlafailela.it\/de\/wp-json\/wp\/v2\/users\/1"}],"replies":[{"embeddable":true,"href":"https:\/\/www.carlafailela.it\/de\/wp-json\/wp\/v2\/comments?post=6330"}],"version-history":[{"count":3,"href":"https:\/\/www.carlafailela.it\/de\/wp-json\/wp\/v2\/pages\/6330\/revisions"}],"predecessor-version":[{"id":6344,"href":"https:\/\/www.carlafailela.it\/de\/wp-json\/wp\/v2\/pages\/6330\/revisions\/6344"}],"wp:attachment":[{"href":"https:\/\/www.carlafailela.it\/de\/wp-json\/wp\/v2\/media?parent=6330"}],"curies":[{"name":"wp","href":"https:\/\/api.w.org\/{rel}","templated":true}]}}