{"id":5420,"date":"2024-07-23T13:38:01","date_gmt":"2024-07-23T13:38:01","guid":{"rendered":"https:\/\/www.carlafailela.it\/prodotto\/spa-nico-paket\/"},"modified":"2024-07-23T13:38:01","modified_gmt":"2024-07-23T13:38:01","slug":"spa-nico-paket","status":"publish","type":"product","link":"https:\/\/www.carlafailela.it\/de\/prodotto\/spa-nico-paket\/","title":{"rendered":"SPA - Nico-Paket"},"content":{"rendered":"<p>Exklusive Spa-Nutzung f\u00fcr 2 Personen f\u00fcr 2 Stunden, mit Deluxe-Zimmer und Spa-Tasche mit Bademantel, Badetuch, Hausschuhen und K\u00f6rpercreme.<\/p>\n","protected":false},"excerpt":{"rendered":"<p>Exklusive Spa-Nutzung f\u00fcr 2 Personen f\u00fcr 2 Stunden, mit Deluxe-Zimmer und Spa-Tasche mit Bademantel, Badetuch, Hausschuhen und K\u00f6rpercreme.<\/p>\n","protected":false},"featured_media":5411,"template":"","meta":[],"product_brand":[],"product_cat":[76],"product_tag":[],"class_list":{"0":"post-5420","1":"product","2":"type-product","3":"status-publish","4":"has-post-thumbnail","6":"product_cat-spa-gutscheine","8":"first","9":"instock","10":"downloadable","11":"shipping-taxable","12":"purchasable","13":"product-type-simple"},"jetpack_sharing_enabled":true,"_links":{"self":[{"href":"https:\/\/www.carlafailela.it\/de\/wp-json\/wp\/v2\/product\/5420","targetHints":{"allow":["GET"]}}],"collection":[{"href":"https:\/\/www.carlafailela.it\/de\/wp-json\/wp\/v2\/product"}],"about":[{"href":"https:\/\/www.carlafailela.it\/de\/wp-json\/wp\/v2\/types\/product"}],"wp:featuredmedia":[{"embeddable":true,"href":"https:\/\/www.carlafailela.it\/de\/wp-json\/wp\/v2\/media\/5411"}],"wp:attachment":[{"href":"https:\/\/www.carlafailela.it\/de\/wp-json\/wp\/v2\/media?parent=5420"}],"wp:term":[{"taxonomy":"product_brand","embeddable":true,"href":"https:\/\/www.carlafailela.it\/de\/wp-json\/wp\/v2\/product_brand?post=5420"},{"taxonomy":"product_cat","embeddable":true,"href":"https:\/\/www.carlafailela.it\/de\/wp-json\/wp\/v2\/product_cat?post=5420"},{"taxonomy":"product_tag","embeddable":true,"href":"https:\/\/www.carlafailela.it\/de\/wp-json\/wp\/v2\/product_tag?post=5420"}],"curies":[{"name":"wp","href":"https:\/\/api.w.org\/{rel}","templated":true}]}}