{"id":5261,"date":"2023-12-18T08:52:20","date_gmt":"2023-12-18T08:52:20","guid":{"rendered":"https:\/\/www.carlafailela.it\/politique-en-matiere-de-cookies\/"},"modified":"2026-03-19T11:11:11","modified_gmt":"2026-03-19T11:11:11","slug":"politique-en-matiere-de-cookies","status":"publish","type":"page","link":"https:\/\/www.carlafailela.it\/fr\/politique-en-matiere-de-cookies\/","title":{"rendered":"Politique en mati\u00e8re de cookies"},"content":{"rendered":"\t\t<div data-elementor-type=\"wp-page\" data-elementor-id=\"5261\" class=\"elementor elementor-5261 elementor-3262\" data-elementor-post-type=\"page\">\n\t\t\t\t<div class=\"elementor-element elementor-element-442f72c e-flex e-con-boxed e-con e-parent\" data-id=\"442f72c\" data-element_type=\"container\" data-e-type=\"container\" data-settings=\"{&quot;background_background&quot;:&quot;classic&quot;,&quot;jet_parallax_layout_list&quot;:[]}\">\n\t\t\t\t\t<div class=\"e-con-inner\">\n\t\t\t\t<div class=\"elementor-element elementor-element-6f83121 elementor-widget elementor-widget-heading\" data-id=\"6f83121\" data-element_type=\"widget\" data-e-type=\"widget\" data-widget_type=\"heading.default\">\n\t\t\t\t<div class=\"elementor-widget-container\">\n\t\t\t\t\t<h1 class=\"elementor-heading-title elementor-size-default\">Politique en mati\u00e8re de cookies<\/h1>\t\t\t\t<\/div>\n\t\t\t\t<\/div>\n\t\t\t\t\t<\/div>\n\t\t\t\t<\/div>\n\t\t<div class=\"elementor-element elementor-element-6fe3484 e-flex e-con-boxed e-con e-parent\" data-id=\"6fe3484\" data-element_type=\"container\" data-e-type=\"container\" data-settings=\"{&quot;jet_parallax_layout_list&quot;:[]}\">\n\t\t\t\t\t<div class=\"e-con-inner\">\n\t\t\t\t<div class=\"elementor-element elementor-element-dee884e elementor-widget elementor-widget-text-editor\" data-id=\"dee884e\" data-element_type=\"widget\" data-e-type=\"widget\" data-widget_type=\"text-editor.default\">\n\t\t\t\t<div class=\"elementor-widget-container\">\n\t\t\t\t\t\t\t\t\t<h2><strong>UTILISATION DE COOKIES<\/strong><\/h2>\nCe site utilise des cookies afin d&rsquo;offrir une meilleure exp\u00e9rience \u00e0 l&rsquo;utilisateur.\n\nLors de la visite du site, l&rsquo;utilisateur verra de petites quantit\u00e9s d&rsquo;informations ins\u00e9r\u00e9es dans les dispositifs utilis\u00e9s (ordinateur, smartphone ou autre), sous la forme de fichiers texte appel\u00e9s \"cookies\" enregistr\u00e9s dans les r\u00e9pertoires utilis\u00e9s par le navigateur web de l&rsquo;utilisateur.\n\nLes cookies appartiennent \u00e0 diff\u00e9rentes cat\u00e9gories et remplissent diff\u00e9rentes fonctions, certains pour rendre l&rsquo;utilisation du site plus efficace, d&rsquo;autres pour permettre certaines fonctionnalit\u00e9s.\n\nDans notre cas sp\u00e9cifique, les cookies utilis\u00e9s nous permettent de :\n<ul>\n \t<li>enregistrer les pr\u00e9f\u00e9rences saisies<\/li>\n \t<li>\u00e9viter de saisir plusieurs fois les m\u00eames informations au cours de la visite, telles que le nom d&rsquo;utilisateur, l&rsquo;adresse \u00e9lectronique et le mot de passe<\/li>\n \t<li>analyser l&rsquo;utilisation des services et des contenus fournis par le site afin d&rsquo;optimiser et d&rsquo;am\u00e9liorer l&rsquo;exp\u00e9rience de navigation et les services offerts<\/li>\n<\/ul>\n<h2><strong>TYPES DE COOKIES UTILIS\u00c9S PAR CE SITE<\/strong><\/h2>\nVous trouverez ci-dessous les diff\u00e9rents types de cookies utilis\u00e9s par carlafailela.it en fonction de leur objectif d&rsquo;utilisation\n<h3><strong>Cookies techniques<\/strong><\/h3>\nCe type de cookie permet \u00e0 <strong>certaines sections du site de fonctionner correctement<\/strong>. Il existe deux cat\u00e9gories de cookies : les cookies persistants et les cookies de session :\n<ul>\n \t<li><strong>persistants<\/strong>: une fois le navigateur ferm\u00e9, ils ne sont pas d\u00e9truits mais restent en place jusqu&rsquo;\u00e0 une date d&rsquo;expiration<\/li>\n \t<li><strong>session<\/strong>: ils sont d\u00e9truits \u00e0 chaque fois que le navigateur est ferm\u00e9<\/li>\n<\/ul>\nCes cookies, toujours envoy\u00e9s depuis notre domaine, sont n\u00e9cessaires pour afficher le site correctement et en relation avec les services techniques offerts, ils seront donc toujours utilis\u00e9s et envoy\u00e9s, \u00e0 moins que l&rsquo;utilisateur ne modifie les param\u00e8tres de son navigateur (affectant ainsi l&rsquo;affichage des pages du site).\n\n_icl_current_language - - cookie de session\n\ncookie_notice_accepted - Cookie persistant utilis\u00e9 pour enregistrer l&rsquo;acceptation de l&rsquo;utilisation de cookies.\n<h3><strong>Cookies analytiques<\/strong><\/h3>\nLes cookies de cette cat\u00e9gorie sont utilis\u00e9s <strong>pour recueillir des informations sur l&rsquo;utilisation du Site<\/strong>. Carlafailela.it utilisera ces informations pour des analyses statistiques anonymes afin d&rsquo;am\u00e9liorer l&rsquo;utilisation du Site et de rendre le contenu plus int\u00e9ressant et plus adapt\u00e9 aux souhaits des utilisateurs.\n\nCe type de cookie recueille des donn\u00e9es anonymes sur l&rsquo;activit\u00e9 des utilisateurs et sur la mani\u00e8re dont ils sont arriv\u00e9s sur le site. Les cookies analytiques sont envoy\u00e9s par le site lui-m\u00eame ou par des domaines tiers.\n\nCe site utilise Google Analytics\n\n<a href=\"https:\/\/policies.google.com\/privacy?hl=it\" target=\"_blank\" rel=\"noopener\">Google analytics - protection des donn\u00e9es<\/a>\n\n<a href=\"https:\/\/tools.google.com\/dlpage\/gaoptout\" target=\"_blank\" rel=\"noopener\">Google Analytics<\/a>\n\nL&rsquo;utilisateur peut d\u00e9sactiver de mani\u00e8re s\u00e9lective l&rsquo;action de Google Analytics en installant sur son navigateur le composant de d\u00e9sactivation fourni par Google. Pour d\u00e9sactiver la collecte de donn\u00e9es par Google Analytics, veuillez consulter le lien ci-dessus.\n\n<a href=\"https:\/\/developers.google.com\/analytics\/devguides\/collection\/analyticsjs\/cookie-usage\" target=\"_blank\" rel=\"noopener\">Les cookies utilis\u00e9s par G. analytics sur les sites<\/a>\n\n<h3><strong>Cookies d&rsquo;analyse provenant de services tiers<\/strong><\/h3>\nCes cookies sont utilis\u00e9s pour collecter des informations sur l&rsquo;utilisation du site par les utilisateurs sous une forme anonyme, telles que les pages visit\u00e9es, le temps pass\u00e9, l&rsquo;origine du trafic, l&rsquo;origine g\u00e9ographique, l&rsquo;\u00e2ge, le sexe et les centres d&rsquo;int\u00e9r\u00eat, dans le but de mener des campagnes de marketing. Ces cookies sont envoy\u00e9s par des domaines tiers en dehors du site.\n<h3><strong>Cookies pour l&rsquo;int\u00e9gration de produits et de fonctions de logiciels tiers<\/strong><\/h3>\nCe type de cookie int\u00e8gre des fonctionnalit\u00e9s d\u00e9velopp\u00e9es par des tiers au sein des pages du Site telles que les ic\u00f4nes et les pr\u00e9f\u00e9rences exprim\u00e9es dans les r\u00e9seaux sociaux dans le but de partager le contenu du Site ou pour l&rsquo;utilisation de services logiciels de tiers (tels que des logiciels pour g\u00e9n\u00e9rer des cartes et d&rsquo;autres logiciels offrant des services suppl\u00e9mentaires). Ces cookies sont envoy\u00e9s par des domaines tiers et des sites partenaires qui proposent leurs fonctionnalit\u00e9s entre les pages du Site.\n<h3><strong>Cookies de profilage<\/strong><\/h3>\nIl s&rsquo;agit des cookies n\u00e9cessaires pour cr\u00e9er des profils d&rsquo;utilisateurs afin d&rsquo;envoyer des messages publicitaires en fonction des pr\u00e9f\u00e9rences exprim\u00e9es par l&rsquo;utilisateur dans les pages du site.\n\n_______\n\nConform\u00e9ment \u00e0 la r\u00e9glementation en vigueur, carlafailela.it n&rsquo;est pas tenu de demander le consentement pour les cookies techniques et analytiques, car ils sont n\u00e9cessaires pour fournir les services demand\u00e9s.\n\nPour tous les autres types de cookies, le consentement peut \u00eatre exprim\u00e9 par l&rsquo;utilisateur d&rsquo;une ou plusieurs des mani\u00e8res suivantes :\n<ul>\n \t<li>au moyen de configurations sp\u00e9cifiques du navigateur utilis\u00e9 ou des programmes informatiques pertinents utilis\u00e9s pour naviguer sur les pages qui composent le Site.<\/li>\n \t<li>en modifiant les param\u00e8tres lors de l&rsquo;utilisation de services de tiers<\/li>\n \t<li>Dans le bandeau de configuration acceptation ou non des cookies<\/li>\n<\/ul>\nL&rsquo;une ou l&rsquo;autre de ces solutions peut emp\u00eacher l&rsquo;utilisateur d&rsquo;utiliser ou de visualiser certaines parties du site.\n\n_______\n<h3><strong>Sites web et services de tiers<\/strong><\/h3>\nLe site peut contenir des liens vers d&rsquo;autres sites web qui ont leur propre politique de confidentialit\u00e9, qui peut diff\u00e9rer de celle adopt\u00e9e par ce site et qui n&rsquo;est donc pas responsable de ces sites.\n<h2><strong>COMMENT D\u00c9SACTIVER LES COOKIES VIA LA CONFIGURATION DU NAVIGATEUR :<\/strong><\/h2>\n<em>Chrome<\/em>\n<ul>\n \t<li>Ex\u00e9cution du navigateur Chrome<\/li>\n \t<li>Cliquez sur le menu de la barre d&rsquo;outils du navigateur \u00e0 c\u00f4t\u00e9 de la fen\u00eatre de saisie de l&rsquo;url pour la navigation.<\/li>\n \t<li>S\u00e9lectionnez les param\u00e8tres<\/li>\n \t<li>Cliquez sur Afficher les param\u00e8tres avanc\u00e9s<\/li>\n \t<li>Dans la section \"Vie priv\u00e9e\", cliquez sur le bouton \"Param\u00e8tres de contenu\".<\/li>\n \t<li>Dans la section \"Cookies\", vous pouvez modifier les param\u00e8tres des cookies suivants :<\/li>\n<\/ul>\n<ol>\n \t<li>Permettre l&rsquo;enregistrement local des donn\u00e9es<\/li>\n \t<li>Les donn\u00e9es locales ne sont modifi\u00e9es que jusqu&rsquo;\u00e0 la fermeture du navigateur<\/li>\n \t<li>Emp\u00eacher les sites de placer des cookies<\/li>\n \t<li>Bloquer les cookies de tiers et les donn\u00e9es du site<\/li>\n \t<li>Gestion des exceptions pour certains sites web<\/li>\n \t<li>Suppression d&rsquo;un ou de tous les cookies<\/li>\n<\/ol>\nPour plus d&rsquo;informations, visitez la <a href=\"https:\/\/support.google.com\/accounts\/answer\/61416?hl=it\" target=\"_blank\" rel=\"noopener\">page d\u00e9di\u00e9e.<\/a>\n\n<em>Mozilla Firefox<\/em>\n<ul>\n \t<li>Ex\u00e9cution du navigateur Mozilla Firefox<\/li>\n \t<li>Cliquez sur le menu de la barre d&rsquo;outils du navigateur \u00e0 c\u00f4t\u00e9 de la fen\u00eatre de saisie de l&rsquo;url pour la navigation.<\/li>\n \t<li>S\u00e9lectionnez les options<\/li>\n \t<li>S\u00e9lectionnez le panneau Vie priv\u00e9e<\/li>\n \t<li>Cliquez sur Afficher les param\u00e8tres avanc\u00e9s<\/li>\n \t<li>Dans la section \"Vie priv\u00e9e\", cliquez sur le bouton \"Param\u00e8tres de contenu\".<\/li>\n \t<li>Dans la section \"Tracking\", vous pouvez modifier les param\u00e8tres suivants en mati\u00e8re de cookies :<\/li>\n<\/ul>\n<ol>\n \t<li>Exiger des sites qu&rsquo;ils n&rsquo;effectuent aucun suivi<\/li>\n \t<li>Informer les sites de leur volont\u00e9 d&rsquo;\u00eatre suivis<\/li>\n \t<li>Ne communiquez pas vos pr\u00e9f\u00e9rences en mati\u00e8re de suivi des donn\u00e9es<\/li>\n \t<li>Il est possible de le faire \u00e0 partir de la section \"Historique\" :<\/li>\n \t<li>En activant l&rsquo;option \"Utiliser les param\u00e8tres personnalis\u00e9s\", choisissez d&rsquo;accepter les cookies de tiers (toujours, \u00e0 partir des sites les plus visit\u00e9s ou jamais) et de les conserver pendant une p\u00e9riode d\u00e9termin\u00e9e (jusqu&rsquo;\u00e0 ce qu&rsquo;ils expirent, lorsque Firefox est ferm\u00e9 ou pour demander \u00e0 chaque fois<\/li>\n \t<li>Suppression des cookies individuels stock\u00e9s<\/li>\n<\/ol>\nPour plus d&rsquo;informations, visitez la <a href=\"https:\/\/support.mozilla.org\/it\/kb\/Bloccare%20i%20cookie\" target=\"_blank\" rel=\"noopener\">page d\u00e9di\u00e9e.<\/a>\n\n<em>Internet Explorer\/Edge<\/em>\n<ul>\n \t<li>Ex\u00e9cution du navigateur Internet Explorer<\/li>\n \t<li>Cliquez sur le bouton Outils et choisissez Options Internet<\/li>\n \t<li>Cliquez sur l&rsquo;onglet Vie priv\u00e9e et, dans la section Param\u00e8tres, modifiez le curseur en fonction de l&rsquo;action de cookie souhait\u00e9e :<\/li>\n<\/ul>\n<ol>\n \t<li>Bloquer tous les cookies<\/li>\n \t<li>Autoriser tous les cookies<\/li>\n \t<li>S\u00e9lection de sites pour l&rsquo;obtention de cookies : d\u00e9placez le curseur vers une position interm\u00e9diaire afin de ne pas bloquer ou autoriser tous les cookies, puis cliquez sur Sites, dans la case Adresse du site web, entrez un site web et cliquez sur Bloquer ou Autoriser.<\/li>\n<\/ol>\nPour plus d&rsquo;informations, visitez la <a href=\"http:\/\/windows.microsoft.com\/it-it\/windows-vista\/block-or-allow-cookies\" target=\"_blank\" rel=\"noopener\">page d\u00e9di\u00e9e.<\/a>\n\n<em>Safari 6<\/em>\n<ul>\n \t<li>Ex\u00e9cuter le navigateur Safari<\/li>\n \t<li>Cliquez sur Safari, s\u00e9lectionnez Pr\u00e9f\u00e9rences et cliquez sur Confidentialit\u00e9.<\/li>\n \t<li>Dans la section Bloquer les cookies, indiquez comment Safari doit accepter les cookies des sites Internet.<\/li>\n \t<li>Pour savoir quels sites ont stock\u00e9 des cookies, cliquez sur D\u00e9tails.<\/li>\n<\/ul>\nPour plus d&rsquo;informations, visitez la <a href=\"https:\/\/support.apple.com\/kb\/PH17191?locale=it_IT&amp;viewlocale=it_IT\" target=\"_blank\" rel=\"noopener\">page d\u00e9di\u00e9e.<\/a>\n\n<em>Safari iOS (appareils mobiles)<\/em>\n<ul>\n \t<li>Ex\u00e9cuter le navigateur Safari d&rsquo;iOS<\/li>\n \t<li>Tapez sur Param\u00e8tres puis sur Safari<\/li>\n \t<li>Tapez sur Bloquer les cookies et choisissez parmi les options : \"Jamais\", \"Tiers et annonceurs\" ou \"Toujours\".<\/li>\n \t<li>Pour supprimer tous les cookies stock\u00e9s par Safari, cliquez sur Param\u00e8tres, puis sur Safari et enfin sur Supprimer les cookies et les donn\u00e9es.<\/li>\n<\/ul>\nPour plus d&rsquo;informations, visitez la <a href=\"https:\/\/support.apple.com\/it-it\/HT201265\" target=\"_blank\" rel=\"noopener\">page d\u00e9di\u00e9e.<\/a>\n\n<em>Op\u00e9ra<\/em>\n<ul>\n \t<li>Ex\u00e9cution du navigateur Opera<\/li>\n \t<li>Cliquez sur Pr\u00e9f\u00e9rences, puis sur Avanc\u00e9es et enfin sur Cookies.<\/li>\n \t<li>S\u00e9lectionnez l&rsquo;une des options suivantes :<\/li>\n<\/ul>\n<ol>\n \t<li>Accepter tous les cookies<\/li>\n \t<li>Accepter uniquement les cookies provenant du site que vous visitez : les cookies de tiers et les cookies provenant d&rsquo;un domaine autre que celui que vous visitez seront rejet\u00e9s.<\/li>\n \t<li>N&rsquo;acceptez jamais de cookies : tous les cookies ne seront jamais sauvegard\u00e9s.<\/li>\n<\/ol>\nPour plus d&rsquo;informations, visitez la <a href=\"http:\/\/help.opera.com\/Windows\/10.00\/it\/cookies.html\" target=\"_blank\" rel=\"noopener\">page d\u00e9di\u00e9e.<\/a>\n<h2><strong>POLITIQUE EN MATI\u00c8RE DE COOKIES ET DE PROTECTION DE LA VIE PRIV\u00c9E \u00c0 L&rsquo;\u00c9GARD DES TIERS<\/strong><\/h2>\n<a href=\"http:\/\/www.google.com\/policies\/technologies\/types\/\" target=\"_blank\" rel=\"noopener\">Cookies Google utilis\u00e9s<\/a>\n\n<a href=\"https:\/\/www.google.it\/intl\/it\/policies\/privacy\/\" target=\"_blank\" rel=\"noopener\">Politique de confidentialit\u00e9 de Google<\/a>\n\n<a href=\"https:\/\/twitter.com\/privacy?lang=it\" target=\"_blank\" rel=\"noopener\">Twitter - politique de confidentialit\u00e9<\/a>\n\n<a href=\"https:\/\/about.pinterest.com\/it\/privacy-policy\" target=\"_blank\" rel=\"noopener\">Pinterest - politique de confidentialit\u00e9<\/a>\n<h2><strong>COMMENT D\u00c9SACTIVER LES COOKIES PROVENANT DE SERVICES TIERS<\/strong><\/h2>\n<a href=\"http:\/\/www.youronlinechoices.com\/it\/le-tue-scelte\" target=\"_blank\" rel=\"noopener\">Mise en place d&rsquo;autorisations pour les entreprises de publicit\u00e9<\/a>\n\n<a href=\"https:\/\/www.google.com\/settings\/u\/0\/ads?hl=it&amp;sig=ACi0TCjnCSjNYh3tGkPd_LXSWCrh_tK1fXqjssuLEV4ke7XX6ehPQ39R7v8bz1q2tn1-AkfIBq_QZKORjJk6QtL79xKRzneGs4Y_aSYT8PNgo53zYHkXVq7-VkMGlyaFUmcTKt0UTwJ_cC4S6JyTTJ6SvdbSln3OrGpYGhvPRZXNiv1suqAKDIw\" target=\"_blank\" rel=\"noopener\">Services Google<\/a>\n\n<a href=\"https:\/\/tools.google.com\/dlpage\/gaoptout\" target=\"_blank\" rel=\"noopener\">Google Analytics<\/a>\n\nL&rsquo;utilisateur peut d\u00e9sactiver de mani\u00e8re s\u00e9lective l&rsquo;action de Google Analytics en installant sur son navigateur le composant de d\u00e9sactivation fourni par Google. Pour d\u00e9sactiver la collecte de donn\u00e9es par Google Analytics, veuillez consulter le lien ci-dessus.\n\n<a href=\"https:\/\/www.facebook.com\/help\/cookies?ref_type=sitefooter\" target=\"_blank\" rel=\"noopener\">Facebook<\/a>\n\n<a href=\"https:\/\/support.twitter.com\/articles\/20170519-uso-dei-cookie-e-di-altre-tecnologie-simili-da-parte-di-twitter\" target=\"_blank\" rel=\"noopener\">Twitter<\/a>\n\n<a href=\"https:\/\/help.pinterest.com\/en\/articles\/personalization-and-data\" target=\"_blank\" rel=\"noopener\">Pinterest<\/a>\n\nCette page est visible au moyen d&rsquo;un lien situ\u00e9 en bas de toutes les pages du Site conform\u00e9ment \u00e0 l&rsquo;article 122 deuxi\u00e8me alin\u00e9a du d\u00e9cret l\u00e9gislatif 196\/2003 et suivant les proc\u00e9dures simplifi\u00e9es d&rsquo;information et d&rsquo;obtention du consentement pour l&rsquo;utilisation des cookies publi\u00e9es dans le Journal Officiel n\u00b0 126 du 3 juin 2014 et dans son registre des dispositions n\u00b0 229 du 8 mai 2014.\t\t\t\t\t\t\t\t<\/div>\n\t\t\t\t<\/div>\n\t\t\t\t\t<\/div>\n\t\t\t\t<\/div>\n\t\t\t\t<\/div>\n\t\t","protected":false},"excerpt":{"rendered":"<p>Politique en mati\u00e8re de cookies UTILISATION DE COOKIES Ce site utilise des cookies afin d&rsquo;offrir une meilleure exp\u00e9rience \u00e0 l&rsquo;utilisateur. Lors de la visite du site, l&rsquo;utilisateur verra de petites quantit\u00e9s d&rsquo;informations ins\u00e9r\u00e9es dans les dispositifs utilis\u00e9s (ordinateur, smartphone ou autre), sous la forme de fichiers texte appel\u00e9s \"cookies\" enregistr\u00e9s dans les r\u00e9pertoires utilis\u00e9s par [&hellip;]<\/p>\n","protected":false},"author":1,"featured_media":0,"parent":0,"menu_order":0,"comment_status":"closed","ping_status":"closed","template":"elementor_header_footer","meta":{"footnotes":""},"class_list":["post-5261","page","type-page","status-publish","hentry"],"blocksy_meta":[],"jetpack_sharing_enabled":true,"_links":{"self":[{"href":"https:\/\/www.carlafailela.it\/fr\/wp-json\/wp\/v2\/pages\/5261","targetHints":{"allow":["GET"]}}],"collection":[{"href":"https:\/\/www.carlafailela.it\/fr\/wp-json\/wp\/v2\/pages"}],"about":[{"href":"https:\/\/www.carlafailela.it\/fr\/wp-json\/wp\/v2\/types\/page"}],"author":[{"embeddable":true,"href":"https:\/\/www.carlafailela.it\/fr\/wp-json\/wp\/v2\/users\/1"}],"replies":[{"embeddable":true,"href":"https:\/\/www.carlafailela.it\/fr\/wp-json\/wp\/v2\/comments?post=5261"}],"version-history":[{"count":7,"href":"https:\/\/www.carlafailela.it\/fr\/wp-json\/wp\/v2\/pages\/5261\/revisions"}],"predecessor-version":[{"id":7755,"href":"https:\/\/www.carlafailela.it\/fr\/wp-json\/wp\/v2\/pages\/5261\/revisions\/7755"}],"wp:attachment":[{"href":"https:\/\/www.carlafailela.it\/fr\/wp-json\/wp\/v2\/media?parent=5261"}],"curies":[{"name":"wp","href":"https:\/\/api.w.org\/{rel}","templated":true}]}}