{"id":5294,"date":"2023-11-28T15:40:59","date_gmt":"2023-11-28T15:40:59","guid":{"rendered":"https:\/\/www.carlafailela.it\/politique-de-confidentialite\/"},"modified":"2026-03-19T08:30:55","modified_gmt":"2026-03-19T08:30:55","slug":"politique-de-confidentialite","status":"publish","type":"page","link":"https:\/\/www.carlafailela.it\/fr\/politique-de-confidentialite\/","title":{"rendered":"Politique de confidentialit\u00e9"},"content":{"rendered":"\t\t<div data-elementor-type=\"wp-page\" data-elementor-id=\"5294\" class=\"elementor elementor-5294 elementor-2299\" data-elementor-post-type=\"page\">\n\t\t\t\t<div class=\"elementor-element elementor-element-442f72c e-flex e-con-boxed e-con e-parent\" data-id=\"442f72c\" data-element_type=\"container\" data-e-type=\"container\" data-settings=\"{&quot;background_background&quot;:&quot;classic&quot;,&quot;jet_parallax_layout_list&quot;:[]}\">\n\t\t\t\t\t<div class=\"e-con-inner\">\n\t\t\t\t<div class=\"elementor-element elementor-element-6f83121 elementor-widget elementor-widget-heading\" data-id=\"6f83121\" data-element_type=\"widget\" data-e-type=\"widget\" data-widget_type=\"heading.default\">\n\t\t\t\t<div class=\"elementor-widget-container\">\n\t\t\t\t\t<h1 class=\"elementor-heading-title elementor-size-default\">POLITIQUE DE CONFIDENTIALIT\u00c9<\/h1>\t\t\t\t<\/div>\n\t\t\t\t<\/div>\n\t\t\t\t\t<\/div>\n\t\t\t\t<\/div>\n\t\t<div class=\"elementor-element elementor-element-6fe3484 e-flex e-con-boxed e-con e-parent\" data-id=\"6fe3484\" data-element_type=\"container\" data-e-type=\"container\" data-settings=\"{&quot;jet_parallax_layout_list&quot;:[]}\">\n\t\t\t\t\t<div class=\"e-con-inner\">\n\t\t\t\t<div class=\"elementor-element elementor-element-dee884e elementor-widget elementor-widget-text-editor\" data-id=\"dee884e\" data-element_type=\"widget\" data-e-type=\"widget\" data-widget_type=\"text-editor.default\">\n\t\t\t\t<div class=\"elementor-widget-container\">\n\t\t\t\t\t\t\t\t\t<p><strong style=\"font-size: inherit; text-align: inherit; color: var( --e-global-color-blocksy_palette_4 ); font-family: var( --e-global-typography-text-font-family ), Sans-serif; background-color: var(--theme-palette-color-5); font-style: var(--theme-font-style, inherit); letter-spacing: var(--theme-letter-spacing); text-transform: var(--theme-text-transform);\">POLITIQUE DE CONFIDENTIALIT\u00c9<\/strong><\/p><p><strong>Informations sur le traitement, la communication et la diffusion des donn\u00e9es en application du r\u00e8glement europ\u00e9en sur la protection des donn\u00e9es -Reg. 679\/2016 (GDPR) <\/strong><\/p><p><strong>Ce site recueille certaines donn\u00e9es personnelles de ses utilisateurs<\/strong><\/p><p>Nous nous soucions de votre vie priv\u00e9e et n&rsquo;utiliserons les informations personnelles que vous nous fournissez que pour mieux vous servir et vous fournir les informations que vous avez demand\u00e9es.<\/p><p>Nous ne vendrons pas vos donn\u00e9es \u00e0 des tiers et nous ne les utiliserons pas pour vous envoyer des spams.<\/p><p>--<\/p><p><strong>Responsable du traitement des donn\u00e9es :<\/strong><\/p><p><strong>Carla Failela<\/strong><\/p><p><strong> <\/strong><\/p><p><strong>Via Piazza Alta 26<\/strong><\/p><p><strong>36030 Valli Del Pasubio<\/strong><\/p><p>--<\/p><p><strong>Ces donn\u00e9es sont collect\u00e9es par le biais de :<\/strong><\/p><ul><li>Formulaires de contact (donn\u00e9es personnelles fournies telles que : nom, pr\u00e9nom, e-mail)<\/li><li>Google Analytics, avec des adresses IP anonymes : Statistiques d&rsquo;utilisation, dur\u00e9e de s\u00e9jour sur le site, etc.<\/li><li>Google maps, youtube et le contenu int\u00e9gr\u00e9 d&rsquo;autres sites web : peuvent collecter des donn\u00e9es personnelles hors de notre contr\u00f4le, conform\u00e9ment \u00e0 la politique de <a href=\"https:\/\/policies.google.com\/privacy?gl=IT&amp;hl=it\" target=\"_blank\" rel=\"noopener\">confidentialit\u00e9 de Google<\/a>.<\/li><\/ul><p>--<\/p><p>Conform\u00e9ment aux articles 13 et 14 du r\u00e8glement (UE) 2016\/679 (GDPR), \u00e9tablissant des dispositions relatives \u00e0 la protection des personnes physiques \u00e0 l&rsquo;\u00e9gard du traitement des donn\u00e9es \u00e0 caract\u00e8re personnel, le responsable du traitement est tenu de fournir aux personnes concern\u00e9es certaines informations concernant l&rsquo;utilisation de leurs donn\u00e9es \u00e0 caract\u00e8re personnel.<\/p><p>En l&rsquo;esp\u00e8ce, la soussign\u00e9e <strong>Carla Failela<\/strong>, dans l&rsquo;exercice de ses activit\u00e9s\/fonctions, doit traiter des informations et des donn\u00e9es \u00e0 caract\u00e8re personnel relatives \u00e0 son organisation, agissant en qualit\u00e9 de responsable du traitement des donn\u00e9es en vertu du GDPR.<\/p><p>Les informations et les donn\u00e9es personnelles que vous nous fournissez, ou qui sont acquises dans le cadre de votre relation contractuelle avec nous, sont trait\u00e9es conform\u00e9ment aux lois en vigueur et aux obligations de confidentialit\u00e9 qui ont toujours inspir\u00e9 notre activit\u00e9.<\/p><p><strong>FINALIT\u00c9 DU TRAITEMENT<\/strong><\/p><p>La finalit\u00e9 du traitement des donn\u00e9es est la gestion pr\u00e9contractuelle et contractuelle des activit\u00e9s r\u00e9alis\u00e9es pour le compte du client par <strong>Carla Failela<\/strong>. L&rsquo;accent est mis en particulier sur les finalit\u00e9s suivantes <\/p><ol><li>Gestion commerciale et pr\u00e9contractuelle, couvrant toutes les activit\u00e9s pr\u00e9c\u00e9dant la conclusion du contrat ;<\/li><li>Gestion administrative et comptable ;<\/li><li>Gestion des services d&rsquo;approvisionnement, de livraison et de soutien pour les solutions et les produits fournis conform\u00e9ment au contrat et\/ou \u00e0 la commande.<\/li><li>Gestion commerciale et promotionnelle apr\u00e8s-vente de solutions, de nouveaux produits, organisation d&rsquo;\u00e9v\u00e9nements, en lien avec les services et solutions propos\u00e9s.<\/li><\/ol><p>Le traitement sera effectu\u00e9 \u00e0 l&rsquo;aide d&rsquo;instruments \u00e9lectroniques et pourra concerner des donn\u00e9es et des informations sur support informatique ou papier, par des personnes sp\u00e9cialement autoris\u00e9es.<\/p><p>En g\u00e9n\u00e9ral, aux fins susmentionn\u00e9es, selon le cas, les donn\u00e9es seront stock\u00e9es dans notre entreprise, dans l&rsquo;infrastructure informatique du client, dans nos centres de donn\u00e9es ou dans les centres de donn\u00e9es de nos fournisseurs, et seront communiqu\u00e9es exclusivement aux parties comp\u00e9tentes, internes ou externes \u00e0 l&rsquo;organisation, comme d\u00e9crit ci-dessous, pour l&rsquo;ex\u00e9cution des services n\u00e9cessaires \u00e0 la bonne gestion de la relation contractuelle et des services sous-jacents, avec la garantie de la protection des droits de la personne concern\u00e9e. <\/p><p><strong>LIC\u00c9IT\u00c9 ET BASE JURIDIQUE DU TRAITEMENT<\/strong><\/p><p>Le traitement des donn\u00e9es personnelles par le contr\u00f4leur est l\u00e9gitim\u00e9 par les conditions suivantes (article 6 du GDPR) :<\/p><ul><li>La personne concern\u00e9e a consenti au traitement de ses donn\u00e9es \u00e0 caract\u00e8re personnel pour une ou plusieurs finalit\u00e9s sp\u00e9cifiques.<\/li><li>Le traitement est n\u00e9cessaire \u00e0 l&rsquo;ex\u00e9cution d&rsquo;un contrat auquel la personne concern\u00e9e est partie et \u00e0 l&rsquo;ex\u00e9cution \u00e9ventuelle de mesures pr\u00e9contractuelles ou postcontractuelles prises \u00e0 la demande de la personne concern\u00e9e.<\/li><li>Le traitement est n\u00e9cessaire pour remplir une obligation l\u00e9gale \u00e0 laquelle le responsable du traitement est soumis (notamment \u00e0 des fins administratives et comptables).<\/li><\/ul><p><strong>Approfondissement :<\/strong><\/p><p><strong>Politique en mati\u00e8re de cookies<\/strong><\/p><p>Ce site utilise des cookies, pour la plupart anonymes, afin d&rsquo;am\u00e9liorer ses performances. Il vous sera demand\u00e9 d&rsquo;accepter ces cookies lors de votre premi\u00e8re visite sur le site. Le consentement \u00e0 l&rsquo;utilisation des cookies a une dur\u00e9e de 12 mois et peut \u00eatre r\u00e9voqu\u00e9 \u00e0 tout moment.  <\/p><p>Pour une lecture approfondie des cookies utilis\u00e9s <a href=\"https:\/\/www.carlafailela.it\/fr\/politique-en-matiere-de-cookies\/\">, cliquez ici.<\/a><\/p><p><strong>Google Analytics - IP anonyme<\/strong><\/p><p>Ce site recueille, au moyen de Google Analytrics et de ses cookies, des donn\u00e9es g\u00e9n\u00e9rales sur le comportement des utilisateurs. Les adresses IP sont anonymis\u00e9es et aucun identifiant d&rsquo;utilisateur n&rsquo;est attribu\u00e9.<\/p><p>Cela nous permet d&rsquo;am\u00e9liorer la qualit\u00e9 de notre service sans collecter vos donn\u00e9es personnelles.<\/p><p>Ces donn\u00e9es \u00e9tant collect\u00e9es par Google, elles sont \u00e9galement h\u00e9berg\u00e9es dans des espaces web situ\u00e9s en dehors de l&rsquo;Union europ\u00e9enne, Google agissant dans ce contexte en tant que responsable du traitement des donn\u00e9es.<\/p><p><strong>Contenu int\u00e9gr\u00e9 d&rsquo;autres sites web<\/strong><\/p><p>Les articles de ce site peuvent contenir du contenu int\u00e9gr\u00e9 (par exemple des vid\u00e9os, des images, des articles, etc.). Le contenu int\u00e9gr\u00e9 provenant d&rsquo;autres sites web se comporte exactement de la m\u00eame mani\u00e8re que si le visiteur avait visit\u00e9 l&rsquo;autre site web. <\/p><p>Ce type de service permet d&rsquo;afficher des contenus h\u00e9berg\u00e9s sur des plateformes externes directement \u00e0 partir des pages de cette Application et d&rsquo;interagir avec eux. Ce type de service peut n\u00e9anmoins collecter des donn\u00e9es sur le trafic web li\u00e9 aux pages o\u00f9 le service est install\u00e9, m\u00eame lorsque les utilisateurs ne l&rsquo;utilisent pas. <\/p><p>Ces sites web peuvent collecter des donn\u00e9es vous concernant, utiliser des cookies, int\u00e9grer un suivi suppl\u00e9mentaire par des tiers et surveiller votre interaction avec ce contenu int\u00e9gr\u00e9, y compris votre interaction avec le contenu int\u00e9gr\u00e9 si vous avez un compte et que vous \u00eates connect\u00e9 \u00e0 ce site web.<\/p><p><strong>Dur\u00e9e de conservation de vos donn\u00e9es<\/strong><\/p><p>Les donn\u00e9es ne sont conserv\u00e9es que pendant la dur\u00e9e n\u00e9cessaire aux finalit\u00e9s pour lesquelles elles sont trait\u00e9es ou dans les d\u00e9lais requis par les lois, r\u00e8gles et r\u00e9glementations nationales et europ\u00e9ennes auxquelles l&rsquo;organisation doit se conformer (par exemple, les r\u00e9glementations comptables et fiscales, etc.)<\/p><p>Un audit p\u00e9riodique doit \u00eatre effectu\u00e9 chaque ann\u00e9e sur les donn\u00e9es trait\u00e9es et la possibilit\u00e9 de les supprimer si elles ne sont plus n\u00e9cessaires aux fins pr\u00e9vues.<\/p><p>Si vous laissez un commentaire, celui-ci et ses m\u00e9tadonn\u00e9es sont stock\u00e9s ind\u00e9finiment. C&rsquo;est ainsi que nous pouvons reconna\u00eetre et approuver automatiquement les commentaires suivants au lieu de les garder dans une file d&rsquo;attente de mod\u00e9ration. <\/p><p>Pour les utilisateurs qui s&rsquo;inscrivent sur notre site web (le cas \u00e9ch\u00e9ant), nous stockons \u00e9galement les informations personnelles qu&rsquo;ils fournissent dans leur profil d&rsquo;utilisateur. Tous les utilisateurs peuvent consulter, modifier ou supprimer leurs informations personnelles \u00e0 tout moment (\u00e0 l&rsquo;exception de leur nom d&rsquo;utilisateur, qu&rsquo;ils ne peuvent pas modifier). Les administrateurs du site web peuvent \u00e9galement consulter et modifier ces informations.  <\/p><p><strong>Quels sont vos droits sur vos donn\u00e9es ?<\/strong><\/p><p>Si vous avez un compte sur ce site, ou si vous avez laiss\u00e9 des commentaires, vous pouvez demander \u00e0 recevoir un fichier export\u00e9 du site avec les donn\u00e9es personnelles que nous avons sur vous, y compris les donn\u00e9es que vous nous avez fournies. Vous pouvez \u00e9galement nous demander de supprimer toutes les donn\u00e9es \u00e0 caract\u00e8re personnel vous concernant. Cela n&rsquo;inclut pas les donn\u00e9es que nous sommes oblig\u00e9s de conserver \u00e0 des fins administratives, juridiques ou de s\u00e9curit\u00e9.  <\/p><p><strong>O\u00f9 nous h\u00e9bergeons vos donn\u00e9es<\/strong><\/p><p>En dehors de Google Analytics, vos donn\u00e9es sont conserv\u00e9es sur nos serveurs, mis \u00e0 jour et s\u00e9curis\u00e9s.<\/p><p>Les courriers \u00e9lectroniques envoy\u00e9s via le formulaire de contact sont re\u00e7us par des personnes form\u00e9es au traitement de ces donn\u00e9es personnelles et sur des ordinateurs s\u00e9curis\u00e9s.<\/p><p>Vos donn\u00e9es d&rsquo;analyse et vos donn\u00e9es de tiers sont collect\u00e9es et h\u00e9berg\u00e9es sur les serveurs de ces tiers, situ\u00e9s en dehors de l&rsquo;Union europ\u00e9enne, et g\u00e9r\u00e9es de mani\u00e8re s\u00e9curis\u00e9e conform\u00e9ment aux r\u00e9glementations applicables.<\/p><p><strong>Les m\u00e9dias :<\/strong><\/p><p>Si vous t\u00e9l\u00e9chargez des images sur le site web, vous devez \u00e9viter de t\u00e9l\u00e9charger des images contenant des donn\u00e9es de localisation int\u00e9gr\u00e9es (EXIF GPS). Les visiteurs du site web peuvent t\u00e9l\u00e9charger et extraire toutes les donn\u00e9es de localisation des images sur le site web. <\/p><p><strong>Cookie :<\/strong><\/p><p>Si vous laissez un commentaire sur notre site, vous pouvez choisir d&rsquo;enregistrer votre nom, votre adresse \u00e9lectronique et votre site web dans des cookies. Ceux-ci sont utilis\u00e9s pour votre commodit\u00e9 afin que vous n&rsquo;ayez pas \u00e0 saisir \u00e0 nouveau vos coordonn\u00e9es lorsque vous laissez un autre commentaire. Ces cookies ont une dur\u00e9e de vie d&rsquo;un an.  <\/p><p>Si vous avez un compte et que vous acc\u00e9dez \u00e0 ce site, un cookie temporaire sera install\u00e9 pour d\u00e9terminer si votre navigateur accepte les cookies. Ce cookie ne contient aucune donn\u00e9e personnelle et est supprim\u00e9 lorsque vous fermez votre navigateur. <\/p><p>Lorsque vous vous connectez, plusieurs cookies sont install\u00e9s pour stocker vos informations de connexion et vos options d&rsquo;\u00e9cran. Les cookies de connexion ont une dur\u00e9e de vie de deux jours, tandis que les cookies d&rsquo;options d&rsquo;\u00e9cran ont une dur\u00e9e de vie d&rsquo;un an. Si vous s\u00e9lectionnez \"Se souvenir de moi\", votre connexion sera conserv\u00e9e pendant une quinzaine de jours. Si vous vous d\u00e9connectez de votre compte, les cookies de connexion seront supprim\u00e9s. Si vous modifiez ou publiez un article, un cookie suppl\u00e9mentaire sera enregistr\u00e9 dans votre navigateur. Ce cookie ne contient aucune donn\u00e9e personnelle, mais indique simplement l&rsquo;identifiant de l&rsquo;article que vous venez de modifier. Il expire au bout d&rsquo;un jour.      <\/p><p><strong>Comment nous prot\u00e9geons vos donn\u00e9es<\/strong><\/p><p>Ce site prot\u00e8ge vos donn\u00e9es au moyen d&rsquo;un cryptage SSL (\u00e9galement utilis\u00e9 lors de l&rsquo;envoi d&rsquo;e-mails \u00e0 partir de formulaires de contact).<\/p><p>Le site lui-m\u00eame est r\u00e9guli\u00e8rement mis \u00e0 jour et est prot\u00e9g\u00e9 par des syst\u00e8mes de d\u00e9fense contre les cyberattaques. Les personnes ayant un acc\u00e8s administratif \u00e0 ce site ont re\u00e7u une formation \u00e0 la s\u00e9curit\u00e9 des donn\u00e9es. <\/p><p><strong>Quelles sont les proc\u00e9dures mises en place pour pr\u00e9venir les violations de donn\u00e9es ?<\/strong><\/p><p>Nos programmes internes sont programm\u00e9s pour nous alerter en cas de d\u00e9tection de failles ou d&rsquo;infractions sur le site.<\/p>\t\t\t\t\t\t\t\t<\/div>\n\t\t\t\t<\/div>\n\t\t\t\t\t<\/div>\n\t\t\t\t<\/div>\n\t\t\t\t<\/div>\n\t\t","protected":false},"excerpt":{"rendered":"<p>POLITIQUE DE CONFIDENTIALIT\u00c9 POLITIQUE DE CONFIDENTIALIT\u00c9 Informations sur le traitement, la communication et la diffusion des donn\u00e9es en application du r\u00e8glement europ\u00e9en sur la protection des donn\u00e9es -Reg. 679\/2016 (GDPR) Ce site recueille certaines donn\u00e9es personnelles de ses utilisateurs Nous nous soucions de votre vie priv\u00e9e et n&rsquo;utiliserons les informations personnelles que vous nous fournissez [&hellip;]<\/p>\n","protected":false},"author":1,"featured_media":0,"parent":0,"menu_order":0,"comment_status":"closed","ping_status":"closed","template":"elementor_header_footer","meta":{"footnotes":""},"class_list":["post-5294","page","type-page","status-publish","hentry"],"blocksy_meta":[],"jetpack_sharing_enabled":true,"_links":{"self":[{"href":"https:\/\/www.carlafailela.it\/fr\/wp-json\/wp\/v2\/pages\/5294","targetHints":{"allow":["GET"]}}],"collection":[{"href":"https:\/\/www.carlafailela.it\/fr\/wp-json\/wp\/v2\/pages"}],"about":[{"href":"https:\/\/www.carlafailela.it\/fr\/wp-json\/wp\/v2\/types\/page"}],"author":[{"embeddable":true,"href":"https:\/\/www.carlafailela.it\/fr\/wp-json\/wp\/v2\/users\/1"}],"replies":[{"embeddable":true,"href":"https:\/\/www.carlafailela.it\/fr\/wp-json\/wp\/v2\/comments?post=5294"}],"version-history":[{"count":7,"href":"https:\/\/www.carlafailela.it\/fr\/wp-json\/wp\/v2\/pages\/5294\/revisions"}],"predecessor-version":[{"id":7555,"href":"https:\/\/www.carlafailela.it\/fr\/wp-json\/wp\/v2\/pages\/5294\/revisions\/7555"}],"wp:attachment":[{"href":"https:\/\/www.carlafailela.it\/fr\/wp-json\/wp\/v2\/media?parent=5294"}],"curies":[{"name":"wp","href":"https:\/\/api.w.org\/{rel}","templated":true}]}}