{"id":5299,"date":"2023-11-30T13:15:40","date_gmt":"2023-11-30T13:15:40","guid":{"rendered":"https:\/\/www.carlafailela.it\/allergenes\/"},"modified":"2025-10-08T07:08:44","modified_gmt":"2025-10-08T07:08:44","slug":"allergenes","status":"publish","type":"page","link":"https:\/\/www.carlafailela.it\/fr\/allergenes\/","title":{"rendered":"Allerg\u00e8nes"},"content":{"rendered":"\t\t<div data-elementor-type=\"wp-page\" data-elementor-id=\"5299\" class=\"elementor elementor-5299 elementor-2592\" data-elementor-post-type=\"page\">\n\t\t\t\t<div class=\"elementor-element elementor-element-3b05f98 e-flex e-con-boxed e-con e-parent\" data-id=\"3b05f98\" data-element_type=\"container\" data-e-type=\"container\" data-settings=\"{&quot;background_background&quot;:&quot;classic&quot;,&quot;jet_parallax_layout_list&quot;:[]}\">\n\t\t\t\t\t<div class=\"e-con-inner\">\n\t\t\t\t<div class=\"elementor-element elementor-element-6b90d29 elementor-widget elementor-widget-heading\" data-id=\"6b90d29\" data-element_type=\"widget\" data-e-type=\"widget\" data-widget_type=\"heading.default\">\n\t\t\t\t<div class=\"elementor-widget-container\">\n\t\t\t\t\t<h2 class=\"elementor-heading-title elementor-size-default\">ALLERG\u00c8NES<\/h2>\t\t\t\t<\/div>\n\t\t\t\t<\/div>\n\t\t\t\t\t<\/div>\n\t\t\t\t<\/div>\n\t\t<div class=\"elementor-element elementor-element-f1a779b e-flex e-con-boxed e-con e-parent\" data-id=\"f1a779b\" data-element_type=\"container\" data-e-type=\"container\" data-settings=\"{&quot;jet_parallax_layout_list&quot;:[]}\">\n\t\t\t\t\t<div class=\"e-con-inner\">\n\t\t\t\t<div class=\"elementor-element elementor-element-ac71da4 elementor-widget elementor-widget-text-editor\" data-id=\"ac71da4\" data-element_type=\"widget\" data-e-type=\"widget\" data-widget_type=\"text-editor.default\">\n\t\t\t\t<div class=\"elementor-widget-container\">\n\t\t\t\t\t\t\t\t\t<h3><strong>Veuillez noter que les aliments et les boissons pr\u00e9par\u00e9s et servis dans cet \u00e9tablissement peuvent contenir des ingr\u00e9dients ou des adjuvants consid\u00e9r\u00e9s comme allerg\u00e8nes.<\/strong><\/h3><p>Liste des substances ou produits provoquant des allergies ou des intol\u00e9rances utilis\u00e9s dans cet exercice et \u00e9num\u00e9r\u00e9s \u00e0 l&rsquo;annexe II du r\u00e8glement de l&rsquo;UE no.  1169\/2011<\/p><ol><li>C\u00e9r\u00e9ales contenant du gluten, c&rsquo;est-\u00e0-dire bl\u00e9, seigle, orge, avoine, \u00e9peautre, kamut ou leurs souches et produits d\u00e9riv\u00e9s.<\/li><li>Crustac\u00e9s et produits \u00e0 base de crustac\u00e9s<\/li><li>\u0152ufs et ovoproduits<\/li><li>Poisson et produits de la p\u00eache<\/li><li>Arachides et produits \u00e0 base d&rsquo;arachides<\/li><li>Soja et produits \u00e0 base de soja<\/li><li>Lait et produits laitiers (y compris le lactose)<\/li><li>Fruits \u00e0 coque, c&rsquo;est-\u00e0-dire amandes, noisettes, noix, noix de cajou, noix de p\u00e9can, noix du Br\u00e9sil, pistaches, noix de macadamia ou noix du Queensland, et leurs produits.<\/li><li>C\u00e9leri et produits \u00e0 base de c\u00e9leri<\/li><li>Moutarde et produits \u00e0 base de moutarde<\/li><li>Graines de s\u00e9same et produits \u00e0 base de graines de s\u00e9same<\/li><li>Dioxyde de soufre et sulfites en concentrations sup\u00e9rieures \u00e0 10 mg\/kg<\/li><li>Lupins et produits \u00e0 base de lupin<\/li><li>Mollusques et produits \u00e0 base de mollusques<\/li><\/ol><p> <\/p><p><span style=\"text-decoration: underline;\">Les informations relatives \u00e0 la pr\u00e9sence de substances ou de produits provoquant des allergies ou des intol\u00e9rances sont disponibles aupr\u00e8s du personnel de service, et la documentation appropri\u00e9e sera fournie sur demande.<\/span><\/p><p><em>La gestion<\/em><\/p>\t\t\t\t\t\t\t\t<\/div>\n\t\t\t\t<\/div>\n\t\t\t\t\t<\/div>\n\t\t\t\t<\/div>\n\t\t\t\t<\/div>\n\t\t","protected":false},"excerpt":{"rendered":"<p>ALLERG\u00c8NES Veuillez noter que les aliments et les boissons pr\u00e9par\u00e9s et servis dans cet \u00e9tablissement peuvent contenir des ingr\u00e9dients ou des adjuvants consid\u00e9r\u00e9s comme allerg\u00e8nes. Liste des substances ou produits provoquant des allergies ou des intol\u00e9rances utilis\u00e9s dans cet exercice et \u00e9num\u00e9r\u00e9s \u00e0 l&rsquo;annexe II du r\u00e8glement de l&rsquo;UE no. 1169\/2011 C\u00e9r\u00e9ales contenant du gluten, [&hellip;]<\/p>\n","protected":false},"author":1,"featured_media":0,"parent":0,"menu_order":0,"comment_status":"closed","ping_status":"closed","template":"elementor_header_footer","meta":{"footnotes":""},"class_list":["post-5299","page","type-page","status-publish","hentry"],"blocksy_meta":[],"jetpack_sharing_enabled":true,"_links":{"self":[{"href":"https:\/\/www.carlafailela.it\/fr\/wp-json\/wp\/v2\/pages\/5299","targetHints":{"allow":["GET"]}}],"collection":[{"href":"https:\/\/www.carlafailela.it\/fr\/wp-json\/wp\/v2\/pages"}],"about":[{"href":"https:\/\/www.carlafailela.it\/fr\/wp-json\/wp\/v2\/types\/page"}],"author":[{"embeddable":true,"href":"https:\/\/www.carlafailela.it\/fr\/wp-json\/wp\/v2\/users\/1"}],"replies":[{"embeddable":true,"href":"https:\/\/www.carlafailela.it\/fr\/wp-json\/wp\/v2\/comments?post=5299"}],"version-history":[{"count":1,"href":"https:\/\/www.carlafailela.it\/fr\/wp-json\/wp\/v2\/pages\/5299\/revisions"}],"predecessor-version":[{"id":5300,"href":"https:\/\/www.carlafailela.it\/fr\/wp-json\/wp\/v2\/pages\/5299\/revisions\/5300"}],"wp:attachment":[{"href":"https:\/\/www.carlafailela.it\/fr\/wp-json\/wp\/v2\/media?parent=5299"}],"curies":[{"name":"wp","href":"https:\/\/api.w.org\/{rel}","templated":true}]}}