{"id":6339,"date":"2025-12-23T07:59:24","date_gmt":"2025-12-23T07:59:24","guid":{"rendered":"https:\/\/www.carlafailela.it\/declaration-daccessibilite-2\/"},"modified":"2025-12-23T07:59:51","modified_gmt":"2025-12-23T07:59:51","slug":"declaration-daccessibilite-2","status":"publish","type":"page","link":"https:\/\/www.carlafailela.it\/fr\/declaration-daccessibilite-2\/","title":{"rendered":"D\u00e9claration d&rsquo;accessibilit\u00e9"},"content":{"rendered":"\n<h6 class=\"wp-block-heading has-text-align-center\">D\u00e9claration d&rsquo;accessibilit\u00e9 pour www.carlafailela.it\/<\/h6>\n\n<p><strong>Carla Failela<\/strong> s&rsquo;engage \u00e0 garantir l&rsquo;accessibilit\u00e9 num\u00e9rique aux personnes handicap\u00e9es. Nous am\u00e9liorons continuellement l&rsquo;exp\u00e9rience utilisateur pour toutes les personnes acc\u00e9dant au site et appliquons les normes d&rsquo;accessibilit\u00e9 pertinentes. <\/p>\n\n<h6 class=\"wp-block-heading\">\u00c9tat de conformit\u00e9<\/h6>\n\n<p>Les lignes directrices pour l&rsquo;accessibilit\u00e9 des contenus (WCAG) d\u00e9finissent des exigences pour ceux qui cr\u00e9ent et d\u00e9veloppent des sites afin d&rsquo;en am\u00e9liorer l&rsquo;accessibilit\u00e9 pour les personnes handicap\u00e9es. Elles d\u00e9finissent trois niveaux de conformit\u00e9 : niveau A, niveau AA et niveau AAA. <\/p>\n\n<p><strong>Carla Failela<\/strong> s&rsquo;efforce constamment d&rsquo;am\u00e9liorer l&rsquo;accessibilit\u00e9 de son site et de ses services, convaincue qu&rsquo;il est de notre obligation morale collective de permettre une utilisation fluide, accessible et sans entrave pour les personnes handicap\u00e9es.<\/p>\n\n<p>Notre objectif est de rendre toutes les pages et tout le contenu de <strong>www.carlafailela.it\/<\/strong> accessibles, mais il se peut que certains contenus ne r\u00e9pondent pas encore enti\u00e8rement aux normes d&rsquo;accessibilit\u00e9 les plus strictes. Cela peut \u00eatre d\u00fb \u00e0 des difficult\u00e9s \u00e0 trouver la solution technologique la plus appropri\u00e9e. <\/p>\n\n<p>Nous pouvons r\u00e9viser p\u00e9riodiquement la pr\u00e9sente politique pour refl\u00e9ter les am\u00e9liorations ou les changements apport\u00e9s \u00e0 nos pratiques en mati\u00e8re d&rsquo;accessibilit\u00e9.<\/p>\n\n<h6 class=\"wp-block-heading\">Retour d&rsquo;information<\/h6>\n\n<p>Nous appr\u00e9cions vos commentaires sur l&rsquo;accessibilit\u00e9 du site web de <strong>Carla Failela<\/strong>. N&rsquo;h\u00e9sitez pas \u00e0 nous faire savoir si vous rencontrez des obstacles \u00e0 l&rsquo;accessibilit\u00e9 sur notre site web : <\/p>\n\n<p>Courriel : <strong>failela1952@gmail.com<\/strong><\/p>\n\n<p>Nous nous effor\u00e7ons de r\u00e9pondre aux commentaires dans un d\u00e9lai de 3 \u00e0 5 jours ouvrables.<\/p>\n\n<p>Cette d\u00e9claration a \u00e9t\u00e9 cr\u00e9\u00e9e le 23\/12\/2025.  <\/p>\n","protected":false},"excerpt":{"rendered":"<p>D\u00e9claration d&rsquo;accessibilit\u00e9 pour www.carlafailela.it\/ Carla Failela s&rsquo;engage \u00e0 garantir l&rsquo;accessibilit\u00e9 num\u00e9rique aux personnes handicap\u00e9es. Nous am\u00e9liorons continuellement l&rsquo;exp\u00e9rience utilisateur pour toutes les personnes acc\u00e9dant au site et appliquons les normes d&rsquo;accessibilit\u00e9 pertinentes. \u00c9tat de conformit\u00e9 Les lignes directrices pour l&rsquo;accessibilit\u00e9 des contenus (WCAG) d\u00e9finissent des exigences pour ceux qui cr\u00e9ent et d\u00e9veloppent des sites afin [&hellip;]<\/p>\n","protected":false},"author":1,"featured_media":0,"parent":0,"menu_order":0,"comment_status":"closed","ping_status":"closed","template":"","meta":{"footnotes":""},"class_list":["post-6339","page","type-page","status-publish","hentry"],"blocksy_meta":[],"jetpack_sharing_enabled":true,"_links":{"self":[{"href":"https:\/\/www.carlafailela.it\/fr\/wp-json\/wp\/v2\/pages\/6339","targetHints":{"allow":["GET"]}}],"collection":[{"href":"https:\/\/www.carlafailela.it\/fr\/wp-json\/wp\/v2\/pages"}],"about":[{"href":"https:\/\/www.carlafailela.it\/fr\/wp-json\/wp\/v2\/types\/page"}],"author":[{"embeddable":true,"href":"https:\/\/www.carlafailela.it\/fr\/wp-json\/wp\/v2\/users\/1"}],"replies":[{"embeddable":true,"href":"https:\/\/www.carlafailela.it\/fr\/wp-json\/wp\/v2\/comments?post=6339"}],"version-history":[{"count":1,"href":"https:\/\/www.carlafailela.it\/fr\/wp-json\/wp\/v2\/pages\/6339\/revisions"}],"predecessor-version":[{"id":6342,"href":"https:\/\/www.carlafailela.it\/fr\/wp-json\/wp\/v2\/pages\/6339\/revisions\/6342"}],"wp:attachment":[{"href":"https:\/\/www.carlafailela.it\/fr\/wp-json\/wp\/v2\/media?parent=6339"}],"curies":[{"name":"wp","href":"https:\/\/api.w.org\/{rel}","templated":true}]}}