{"id":5400,"date":"2024-07-23T13:38:00","date_gmt":"2024-07-23T13:38:00","guid":{"rendered":"https:\/\/www.carlafailela.it\/prodotto\/cheque-cadeau-pour-le-diner\/"},"modified":"2024-07-23T13:38:00","modified_gmt":"2024-07-23T13:38:00","slug":"cheque-cadeau-pour-le-diner","status":"publish","type":"product","link":"https:\/\/www.carlafailela.it\/fr\/prodotto\/cheque-cadeau-pour-le-diner\/","title":{"rendered":"Ch\u00e8que-cadeau pour le d\u00eener"},"content":{"rendered":"<p>Offrez un d\u00eener dans notre restaurant.<\/p>\n<p>Bon de votre choix \u00e0 partir de 20\u20ac.<\/p>\n","protected":false},"excerpt":{"rendered":"<p>Offrez-vous un d\u00eener dans notre restaurant.<\/p>\n<p>&nbsp;<\/p>\n","protected":false},"featured_media":5401,"template":"","meta":[],"product_brand":[],"product_cat":[71],"product_tag":[],"class_list":{"0":"post-5400","1":"product","2":"type-product","3":"status-publish","4":"has-post-thumbnail","6":"product_cat-cadeau-pour-le-diner","8":"first","9":"instock","10":"shipping-taxable","11":"purchasable","12":"product-type-variable"},"jetpack_sharing_enabled":true,"_links":{"self":[{"href":"https:\/\/www.carlafailela.it\/fr\/wp-json\/wp\/v2\/product\/5400","targetHints":{"allow":["GET"]}}],"collection":[{"href":"https:\/\/www.carlafailela.it\/fr\/wp-json\/wp\/v2\/product"}],"about":[{"href":"https:\/\/www.carlafailela.it\/fr\/wp-json\/wp\/v2\/types\/product"}],"wp:featuredmedia":[{"embeddable":true,"href":"https:\/\/www.carlafailela.it\/fr\/wp-json\/wp\/v2\/media\/5401"}],"wp:attachment":[{"href":"https:\/\/www.carlafailela.it\/fr\/wp-json\/wp\/v2\/media?parent=5400"}],"wp:term":[{"taxonomy":"product_brand","embeddable":true,"href":"https:\/\/www.carlafailela.it\/fr\/wp-json\/wp\/v2\/product_brand?post=5400"},{"taxonomy":"product_cat","embeddable":true,"href":"https:\/\/www.carlafailela.it\/fr\/wp-json\/wp\/v2\/product_cat?post=5400"},{"taxonomy":"product_tag","embeddable":true,"href":"https:\/\/www.carlafailela.it\/fr\/wp-json\/wp\/v2\/product_tag?post=5400"}],"curies":[{"name":"wp","href":"https:\/\/api.w.org\/{rel}","templated":true}]}}